{"id":190,"date":"2025-09-17T14:08:52","date_gmt":"2025-09-17T12:08:52","guid":{"rendered":"https:\/\/www.sultrade.cz\/?page_id=190"},"modified":"2026-03-01T23:26:36","modified_gmt":"2026-03-01T21:26:36","slug":"ochrana-osobnich-udaju","status":"publish","type":"page","link":"https:\/\/sultrade.cz\/pl\/ochrana-osobnich-udaju\/","title":{"rendered":"Ochrona danych osobowych"},"content":{"rendered":"<section class=\"bde-section-190-100 bde-section\">\n  \n  \n\t\n\n\n\n<div class=\"section-container\"><h1 class=\"bde-heading-190-101 bde-heading item-decoration decoration-light top-left-decoration bottom-left-decoration\">\nOchrona danych osobowych\n<\/h1><div class=\"bde-text-190-132 bde-text breadcrumbs-link\">\n<nav aria-label=\"bu\u0142ka tarta\" class=\"rank-math-breadcrumb\"><p><span class=\"last\">Strona g\u0142\u00f3wna<\/span><\/p><\/nav>\n<\/div><\/div>\n<\/section><section class=\"bde-section-190-192 bde-section embed-background\">\n  \n  \n\t\n\n\n\n<div class=\"section-container\"><div class=\"bde-div-190-193 bde-div sticky-column\">\n  \n  \n\t\n\n\n\n<div class=\"bde-div-190-194 bde-div\">\n  \n  \n\t\n\n\n\n<h2 class=\"bde-heading-190-195 bde-heading\">\nNawigacja\n<\/h2><div class=\"bde-div-190-196 bde-div\">\n  \n  \n\t\n\n\n\n<a class=\"bde-container-link-190-197 bde-container-link document-tabs breakdance-link\" href=\"#spravce-osobnich-udaju\" target=\"_self\" data-type=\"url\">\n  \n  \n\t\n\n\n\n<div class=\"bde-text-190-198 bde-text\">\n1) Administrator danych osobowych\n<\/div>\n\n<\/a><a class=\"bde-container-link-190-199 bde-container-link document-tabs breakdance-link\" href=\"#zpracovavane-udaje\" target=\"_self\" data-type=\"url\">\n  \n  \n\t\n\n\n\n<div class=\"bde-text-190-200 bde-text\">\n2. Przetworzone dane<br>\n<\/div>\n\n<\/a><a class=\"bde-container-link-190-201 bde-container-link document-tabs breakdance-link\" href=\"#ucel-zpracovani\" target=\"_self\" data-type=\"url\">\n  \n  \n\t\n\n\n\n<div class=\"bde-text-190-202 bde-text\">\n3) Cel przetwarzania\n<\/div>\n\n<\/a><a class=\"bde-container-link-190-203 bde-container-link document-tabs breakdance-link\" href=\"#zpracovani-bez-souhlasu\" target=\"_self\" data-type=\"url\">\n  \n  \n\t\n\n\n\n<div class=\"bde-text-190-204 bde-text\">\n4. Przetwarzanie bez zgody\n<\/div>\n\n<\/a><a class=\"bde-container-link-190-205 bde-container-link document-tabs breakdance-link\" href=\"#zabezpeceni-udaju\" target=\"_self\" data-type=\"url\">\n  \n  \n\t\n\n\n\n<div class=\"bde-text-190-206 bde-text\">\n5. Bezpiecze\u0144stwo danych\n<\/div>\n\n<\/a><a class=\"bde-container-link-190-207 bde-container-link document-tabs breakdance-link\" href=\"#pristup-k-udajum\" target=\"_self\" data-type=\"url\">\n  \n  \n\t\n\n\n\n<div class=\"bde-text-190-208 bde-text\">\n6. Dost\u0119p do danych\n<\/div>\n\n<\/a><a class=\"bde-container-link-190-241 bde-container-link document-tabs breakdance-link\" href=\"#prava-uzivatele\" target=\"_self\" data-type=\"url\">\n  \n  \n\t\n\n\n\n<div class=\"bde-text-190-242 bde-text\">\n7. Prawa u\u017cytkownika<br>\n<\/div>\n\n<\/a><a class=\"bde-container-link-190-243 bde-container-link document-tabs breakdance-link\" href=\"#cookies\" target=\"_self\" data-type=\"url\">\n  \n  \n\t\n\n\n\n<div class=\"bde-text-190-244 bde-text\">\n8. Pliki cookie\n<\/div>\n\n<\/a><a class=\"bde-container-link-190-245 bde-container-link document-tabs breakdance-link\" href=\"#ucel-cookies\" target=\"_self\" data-type=\"url\">\n  \n  \n\t\n\n\n\n<div class=\"bde-text-190-246 bde-text\">\n9 Cel plik\u00f3w cookie\n<\/div>\n\n<\/a><a class=\"bde-container-link-190-247 bde-container-link document-tabs breakdance-link\" href=\"#sprava-cookies\" target=\"_self\" data-type=\"url\">\n  \n  \n\t\n\n\n\n<div class=\"bde-text-190-248 bde-text\">\n10 Zarz\u0105dzanie plikami cookie\n<\/div>\n\n<\/a>\n<\/div>\n<\/div>\n<\/div><div class=\"bde-div-190-209 bde-div\">\n  \n  \n\t\n\n\n\n<div class=\"bde-rich-text-190-211 bde-rich-text breakdance-rich-text-styles\">\n<p>Nie lekcewa\u017cymy ochrony Twoich danych osobowych, przeczytaj, co robimy, aby dane osobowe, kt\u00f3re nam przekazujesz, by\u0142y bezpieczne. Przetwarzanie danych osobowych odbywa si\u0119 zgodnie z ustaw\u0105 nr 101\/2000 Dz.U. o ochronie danych osobowych i zmianie innych ustaw oraz europejskim rozporz\u0105dzeniem RODO, kt\u00f3re chroni prawa naszych go\u015bci i klient\u00f3w przed nieuprawnionym przetwarzaniem ich danych. W kolejnych wierszach przedstawimy przegl\u0105d tego, w jaki spos\u00f3b i w jakim celu przetwarzamy dane osobowe u\u017cytkownik\u00f3w oraz kto mo\u017ce by\u0107 podmiotem przetwarzaj\u0105cym. Informacje te s\u0105 wa\u017cne, wi\u0119c mamy nadziej\u0119, \u017ce po\u015bwi\u0119cisz czas na uwa\u017cne przeczytanie wszystkiego.<\/p>\n<\/div><h3 id=\"spravce-osobnich-udaju\" class=\"bde-heading-190-212 bde-heading\">\nKto jest administratorem danych u\u017cytkownika?\n<\/h3><div class=\"bde-rich-text-190-222 bde-rich-text breakdance-rich-text-styles\">\n<p>Wyra\u017caj\u0105c zgod\u0119, u\u017cytkownik udziela sp\u00f3\u0142ce SULTRADE Praha, spol. s r.o., nr identyfikacyjny: 61456152, z siedzib\u0105 pod adresem B\u011blohorsk\u00e1 238\/85, B\u0159evnov (Praga 6), 169 00 Praga, zarejestrowanej w rejestrze publicznym prowadzonym przez S\u0105d Miejski w Pradze, sekcja C, wk\u0142adka 27768, prawa do przetwarzania danych osobowych jako administrator zgodnie z ustaw\u0105 o ochronie danych osobowych i rozporz\u0105dzeniem RODO zgodnie z poni\u017cszymi warunkami.<\/p>\n<\/div><h3 id=\"zpracovavane-udaje\" class=\"bde-heading-190-223 bde-heading\">\nJakie dane przetwarzamy jako administratorzy?\n<\/h3><div class=\"bde-rich-text-190-224 bde-rich-text breakdance-rich-text-styles\">\n<p>W ramach naszej strony internetowej przetwarzamy dane, kt\u00f3re mo\u017cesz nam przekaza\u0107 w ramach rejestracji konta, wype\u0142nienia formularza, subskrypcji newslettera, zamieszczenia komentarza lub innej czynno\u015bci zwi\u0105zanej z dobrowolnym ujawnieniem przez Ciebie danych osobowych. W szczeg\u00f3lno\u015bci przetwarzane s\u0105 nast\u0119puj\u0105ce dane.<\/p>\n<p><strong>Wype\u0142nianie formularza lub zapytania<\/strong><\/p>\n<ul>\n<li>Imi\u0119 i nazwisko<\/li>\n<li>Numer telefonu<\/li>\n<li>Adres e-mail<\/li>\n<\/ul>\n<p><strong>Inne dane po\u015brednie<\/strong><br \/>Adres IP<br \/>Pliki cookie (w celu oferowania odpowiednich tre\u015bci tylko dla Ciebie i u\u0142atwienia przegl\u0105dania strony internetowej)<br \/>Informacje o wersji przegl\u0105darki i systemu operacyjnego w celu zapewnienia prawid\u0142owego wy\u015bwietlania strony internetowej.<\/p>\n<\/div><h3 id=\"ucel-zpracovani\" class=\"bde-heading-190-225 bde-heading\">\nW jakim celu zarz\u0105dzamy tymi danymi i jak d\u0142ugo?\n<\/h3><div class=\"bde-rich-text-190-226 bde-rich-text breakdance-rich-text-styles\">\n<p>Gromadzimy dane osobowe u\u017cytkownik\u00f3w, aby umo\u017cliwi\u0107 im korzystanie z naszych us\u0142ug i informowa\u0107 ich o nowych wydarzeniach. Wi\u0119cej informacji na temat cel\u00f3w, dla kt\u00f3rych zarz\u0105dzamy poszczeg\u00f3lnymi danymi, mo\u017cna znale\u017a\u0107 w miejscu ich podania.<\/p>\n<p><strong>Wype\u0142nianie formularza lub zapytania\u00a0<\/strong>- Zarz\u0105dzamy danymi osobowymi zawartymi w formularzu wy\u0142\u0105cznie w celu udzielenia odpowiedzi lub przetworzenia zapytania lub wniosku. Dane osobowe u\u017cytkownika nie b\u0119d\u0105 dalej przetwarzane ani przekazywane.<\/p>\n<p><strong>Wszystkie dane osobowe przekazywane w powy\u017cszych celach s\u0105 przekazywane ca\u0142kowicie dobrowolnie, a wyra\u017cenie zgody odbywa si\u0119 poprzez aktywn\u0105 interakcj\u0119 (zaznaczenie) pola ze zgod\u0105 na ich przetwarzanie.<\/strong><\/p>\n<\/div><h3 id=\"zpracovani-bez-souhlasu\" class=\"bde-heading-190-227 bde-heading\">\nKiedy wyra\u017cenie zgody na przetwarzanie danych osobowych nie jest konieczne?<br>\n<\/h3><div class=\"bde-rich-text-190-228 bde-rich-text breakdance-rich-text-styles\">\n<p>Mo\u017cemy przetwarza\u0107 dane osobowe bez zgody u\u017cytkownika wy\u0142\u0105cznie w nast\u0119puj\u0105cych celach:<\/p>\n<ul>\n<li>Wykonanie umowy, kt\u00f3rej przedmiotem jest \u015bwiadczenie us\u0142ugi lub produktu (np. wykonanie umowy to najcz\u0119\u015bciej zawarcie wi\u0105\u017c\u0105cego zam\u00f3wienia, cz\u0142onkostwo lub skorzystanie z us\u0142ugi).<\/li>\n<li>Wype\u0142nianie zobowi\u0105za\u0144 prawnych wynikaj\u0105cych dla nas z powszechnie obowi\u0105zuj\u0105cych przepis\u00f3w prawa.<\/li>\n<li>Przetwarzanie w ramach prawnie uzasadnionego interesu (np. w celu marketingu bezpo\u015bredniego, zapewnienia bezpiecze\u0144stwa i ochrony \u017cycia).<\/li>\n<\/ul>\n<\/div><h3 id=\"zabezpeceni-udaju\" class=\"bde-heading-190-229 bde-heading\">\nJak chronione s\u0105 moje dane?\n<\/h3><div class=\"bde-rich-text-190-230 bde-rich-text breakdance-rich-text-styles\">\n<p>Dok\u0142adamy wszelkich stara\u0144, aby zabezpieczy\u0107 wszystkie przetwarzane przez nas dane osobowe przed wyciekiem lub kradzie\u017c\u0105. Z tego powodu ograniczamy manipulowanie nimi, ich kopiowanie, przekazywanie lub dost\u0119p do nich wy\u0142\u0105cznie do \u015bci\u015ble niezb\u0119dnych cel\u00f3w, na kt\u00f3re u\u017cytkownik wyrazi\u0142 zgod\u0119 lub kt\u00f3re s\u0105 okre\u015blone przez prawo.<\/p>\n<p>Ponadto nasza strona internetowa posiada protok\u00f3\u0142 HTTPS (wa\u017cny certyfikat SSL) do szyfrowanego po\u0142\u0105czenia mi\u0119dzy witryn\u0105 a u\u017cytkownikiem, co minimalizuje mo\u017cliwo\u015b\u0107 kradzie\u017cy danych podczas przesy\u0142ania danych (rejestracja, logowanie, przesy\u0142anie formularzy itp.).<\/p>\n<p class=\"translation-block\">Witryna jest hostowana na bezpiecznych serwerach <a href=\"https:\/\/www.coolhosting.cz\/info\/datovecentrum\" target=\"_self\">Fortion Networks, s.r.o<\/a>. Numer identyfikacyjny: 26397994, z siedzib\u0105 pod adresem Bo\u017ekovsk\u00e1 307\/9, Pilzno, 326 00, zarejestrowana w S\u0105dzie Rejonowym w Pil\u017anie pod numerem akt C 17708.<\/p>\n<\/div><h3 id=\"pristup-k-udajum\" class=\"bde-heading-190-231 bde-heading\">\nKto ma dost\u0119p do danych osobowych?\n<\/h3><div class=\"bde-rich-text-190-232 bde-rich-text breakdance-rich-text-styles\">\n<p>Przetwarzanie danych osobowych jest realizowane przez Administratora, ale dane osobowe mog\u0105 by\u0107 r\u00f3wnie\u017c przetwarzane na rzecz Administratora przez nast\u0119puj\u0105ce podmioty przetwarzaj\u0105ce:<\/p>\n<ul>\n<li>Dostawca oprogramowania\u00a0<a href=\"https:\/\/www.antstudio.cz\/\" target=\"_blank\" rel=\"noopener\">ANT studio s.r.o.<\/a>, nr identyfikacyjny: 29113229, z siedzib\u0105 pod adresem Slovansk\u00e1 alej 2182\/30, 326 00 Pilzno, zarejestrowana w S\u0105dzie Rejestrowym w Pil\u017anie, sekcja C, wk\u0142adka 25698.<\/li>\n<li>SULTRADE Praha, spol. s r.o., nr identyfikacyjny: 61456152, z siedzib\u0105 pod adresem B\u011blohorsk\u00e1 238\/85, B\u0159evnov (Praga 6), 169 00 Praha<\/li>\n<\/ul>\n<\/div><h3 id=\"prava-uzivatele\" class=\"bde-heading-190-233 bde-heading\">\nJakie s\u0105 moje prawa w odniesieniu do ochrony danych?<br>\n<\/h3><div class=\"bde-rich-text-190-234 bde-rich-text breakdance-rich-text-styles\">\n<ul>\n<li>Za\u017c\u0105da\u0107 od nas informacji o tym, jakie dane osobowe u\u017cytkownika przetwarzamy.<\/li>\n<li>Za\u017c\u0105da\u0107 od nas wyja\u015bnie\u0144 dotycz\u0105cych przetwarzania danych osobowych.<\/li>\n<li>\u017b\u0105dania dost\u0119pu do tych danych oraz ich aktualizacji lub poprawienia. \u017b\u0105dania usuni\u0119cia tych danych osobowych.<\/li>\n<li>\u017b\u0105danie transferu danych.<\/li>\n<li class=\"translation-block\">Prawo do otrzymania informacji o naruszeniu ochrony danych osobowych w okre\u015blonych przypadkach.<br>W ka\u017cdej chwili mo\u017cesz z\u0142o\u017cy\u0107 skarg\u0119 dotycz\u0105c\u0105 przetwarzania Twoich danych osobowych lub nieprzestrzegania przez administratora jego obowi\u0105zk\u00f3w wynikaj\u0105cych z RODO do organu nadzorczego. Organem nadzorczym w Republice Czeskiej jest Urz\u0105d Ochrony Danych Osobowych, z siedzib\u0105 pod adresem Pplk. Sochor 27, 170 00 Praga 7, <a href=\"https:\/\/www.uoou.cz\/\" target=\"_self\">www.uoou.cz.<\/a>.<\/li>\n<\/ul>\n<\/div><h3 id=\"cookies\" class=\"bde-heading-190-235 bde-heading\">\nPliki cookie\n<\/h3><div class=\"bde-rich-text-190-236 bde-rich-text breakdance-rich-text-styles\">\n<p>Zgodnie z postanowieniami \u00a7 89 ustawy nr 127\/2005 Coll. o komunikacji elektronicznej, niniejszym informujemy, \u017ce nasza strona internetowa wykorzystuje pliki cookie do swojego dzia\u0142ania.<br \/>S\u0105 to kr\u00f3tkie pliki tekstowe, kt\u00f3re strona internetowa przechowuje na komputerze odwiedzaj\u0105cego i kt\u00f3re s\u0105 dostarczane przez przegl\u0105dark\u0119 internetow\u0105 za ka\u017cdym razem, gdy u\u017cytkownik powraca na stron\u0119. www.sultrade.cz wykorzystuje pliki cookie do identyfikacji i \u015bledzenia odwiedzaj\u0105cych, kt\u00f3rzy korzystaj\u0105 z naszej strony internetowej oraz do preferowania ich dost\u0119pu do strony internetowej.<\/p>\n<p>Standardowe przegl\u0105darki internetowe (Internet Explorer, Mozilla Firefox, Google Chrome itp.) obs\u0142uguj\u0105 zarz\u0105dzanie plikami cookie. W ustawieniach przegl\u0105darki mo\u017cna r\u0119cznie usun\u0105\u0107, zablokowa\u0107 lub ca\u0142kowicie wy\u0142\u0105czy\u0107 korzystanie z poszczeg\u00f3lnych plik\u00f3w cookie lub zablokowa\u0107 lub w\u0142\u0105czy\u0107 je tylko dla poszczeg\u00f3lnych witryn internetowych.<\/p>\n<p>Aby uzyska\u0107 bardziej szczeg\u00f3\u0142owe informacje, skorzystaj z pomocy przegl\u0105darki. Je\u015bli przegl\u0105darka u\u017cytkownika ma w\u0142\u0105czon\u0105 obs\u0142ug\u0119 plik\u00f3w cookie, zak\u0142adamy, \u017ce u\u017cytkownik wyra\u017ca zgod\u0119 na korzystanie przez nasz serwer ze standardowych plik\u00f3w cookie.<\/p>\n<\/div><h3 id=\"ucel-cookies\" class=\"bde-heading-190-237 bde-heading\">\nDo czego u\u017cywamy plik\u00f3w cookie?<br>\n<\/h3><div class=\"bde-rich-text-190-238 bde-rich-text breakdance-rich-text-styles\">\n<p><strong>Zapami\u0119tywanie ustawie\u0144 osobistych -<\/strong>\u00a0Pliki cookie u\u0142atwiaj\u0105 naszej witrynie przegl\u0105danie i personalizowanie wy\u015bwietlanych tre\u015bci. Pozwalaj\u0105 nam na przyk\u0142ad zapami\u0119ta\u0107 zawarto\u015b\u0107 koszyka, zalogowa\u0107 si\u0119 lub wylogowa\u0107, wyrazi\u0107 zgod\u0119 na powiadomienia itp.<\/p>\n<p><strong>Dane statystyczne<\/strong>\u00a0- Aby poprawi\u0107 jako\u015b\u0107 naszej witryny, zbieramy anonimowe statystyki ruchu, kt\u00f3re pomagaj\u0105 nam dalej rozwija\u0107 nasz\u0105 dzia\u0142alno\u015b\u0107. U\u017cywamy narz\u0119dzia Google Analytics z wa\u017cnym dodatkiem do przetwarzania danych przez strony trzecie w celu prowadzenia rejestr\u00f3w. Danych tych nie mo\u017cna powi\u0105za\u0107 z konkretn\u0105 osob\u0105.<\/p>\n<p><strong>Reklama displayowa<\/strong>\u00a0- Pliki cookie pozwalaj\u0105 nam lepiej kierowa\u0107 reklamy do naszych u\u017cytkownik\u00f3w i odwiedzaj\u0105cych poprzez personalizacj\u0119 ich tre\u015bci, tak aby klient otrzymywa\u0142 reklamy produkt\u00f3w lub us\u0142ug, kt\u00f3re s\u0105 dla niego istotne i kt\u00f3rymi wykaza\u0142 potencjalne zainteresowanie w przesz\u0142o\u015bci.<\/p>\n<p>W przypadku tego typu reklam korzystamy z us\u0142ug wymienionych poni\u017cej w celu segmentacji u\u017cytkownik\u00f3w na podstawie wsp\u00f3lnych cech. Danych tych nie mo\u017cna powi\u0105za\u0107 z konkretn\u0105 osob\u0105.<\/p>\n<p>SEZNAM.CZ, a.s. (Sklik). Wi\u0119cej informacji\u00a0<a href=\"https:\/\/blog.seznam.cz\/2018\/03\/gdpr-a-reklama-na-seznamu-co-to-znamena-pro-nase-klienty\/\" target=\"_blank\" rel=\"noopener\">TUTAJ<\/a><br \/>Google (AdSense, AdWords) Wi\u0119cej informacji\u00a0<a href=\"https:\/\/www.google.com\/intl\/cs_cz\/policies\/technologies\/ads\/\" target=\"_blank\" rel=\"noopener\">TUTAJ<\/a><br \/>Facebook (Facebook Pixel). Wi\u0119cej informacji\u00a0<a class=\"broken_link\" href=\"https:\/\/www.facebook.com\/about\/privacy\" target=\"_blank\" rel=\"noopener\">TUTAJ<\/a><\/p>\n<\/div><h3 id=\"sprava-cookies\" class=\"bde-heading-190-239 bde-heading\">\nJak dezaktywowa\u0107 lub usun\u0105\u0107 pliki cookie?<br>\n<\/h3><div class=\"bde-rich-text-190-240 bde-rich-text breakdance-rich-text-styles\">\n<p>Je\u015bli u\u017cytkownik nie chce korzysta\u0107 z plik\u00f3w cookie lub usuwa\u0107 tre\u015bci przechowywanych przez witryny internetowe na temat jego wizyt w r\u00f3\u017cnych witrynach i portalach, mo\u017ce skorzysta\u0107 z poni\u017cszych instrukcji dla ka\u017cdej z najcz\u0119\u015bciej u\u017cywanych przegl\u0105darek:<\/p>\n<p>Chrome:\u00a0<a href=\"https:\/\/support.google.com\/chrome\/answer\/95647?hl=cs&amp;hlrm=cz\" target=\"_blank\" rel=\"noopener\">support.google.com<\/a><br \/>Opera:\u00a0<a href=\"http:\/\/help.opera.com\/Windows\/9.64\/cs\/cookies.html\" target=\"_blank\" rel=\"noopener\">help.opera.com<\/a><br \/>Firefox:\u00a0<a href=\"https:\/\/support.mozilla.org\/cs\/kb\/povoleni-zakazani-cookies\" target=\"_blank\" rel=\"noopener\">support.mozilla.org<\/a><br \/>MSIE:\u00a0<a href=\"http:\/\/windows.microsoft.com\/cs-cz\/windows\/cookies-faq#1TC=windows-7\" target=\"_blank\" rel=\"noopener\">windows.microsoft.com<\/a><br \/>Safari:\u00a0<a href=\"http:\/\/support.apple.com\/kb\/HT1677?viewlocale=cs_CZ\" target=\"_blank\" rel=\"noopener\">support.apple.com<\/a><\/p>\n<\/div>\n<\/div><\/div>\n<\/section>","protected":false},"excerpt":{"rendered":"<p>Ochrana osobn\u00edch \u00fadaj\u016f Dom\u016f Navigace 1. Spr\u00e1vce osobn\u00edch \u00fadaj\u016f 2. Zpracov\u00e1van\u00e9 \u00fadaje 3. \u00da\u010del zpracov\u00e1n\u00ed 4. Zpracov\u00e1n\u00ed bez souhlasu 5. Zabezpe\u010den\u00ed \u00fadaj\u016f 6. P\u0159\u00edstup k \u00fadaj\u016fm 7. Pr\u00e1va u\u017eivatele 8. Cookies 9. \u00da\u010del cookies 10. Spr\u00e1va cookies Ochranu va\u0161ich osobn\u00edch \u00fadaj\u016f nebereme na lehkou v\u00e1hu, p\u0159e\u010dt\u011bte si, co v\u0161e d\u011bl\u00e1me proto, aby va\u0161e sd\u011blen\u00e9 osobn\u00ed [&hellip;]<\/p>\n","protected":false},"author":1,"featured_media":0,"parent":0,"menu_order":0,"comment_status":"closed","ping_status":"closed","template":"","meta":{"_acf_changed":false,"_breakdance_hide_in_design_set":false,"_breakdance_tags":"","footnotes":""},"class_list":["post-190","page","type-page","status-publish","hentry"],"acf":[],"_links":{"self":[{"href":"https:\/\/sultrade.cz\/pl\/wp-json\/wp\/v2\/pages\/190","targetHints":{"allow":["GET"]}}],"collection":[{"href":"https:\/\/sultrade.cz\/pl\/wp-json\/wp\/v2\/pages"}],"about":[{"href":"https:\/\/sultrade.cz\/pl\/wp-json\/wp\/v2\/types\/page"}],"author":[{"embeddable":true,"href":"https:\/\/sultrade.cz\/pl\/wp-json\/wp\/v2\/users\/1"}],"replies":[{"embeddable":true,"href":"https:\/\/sultrade.cz\/pl\/wp-json\/wp\/v2\/comments?post=190"}],"version-history":[{"count":11,"href":"https:\/\/sultrade.cz\/pl\/wp-json\/wp\/v2\/pages\/190\/revisions"}],"predecessor-version":[{"id":2137,"href":"https:\/\/sultrade.cz\/pl\/wp-json\/wp\/v2\/pages\/190\/revisions\/2137"}],"wp:attachment":[{"href":"https:\/\/sultrade.cz\/pl\/wp-json\/wp\/v2\/media?parent=190"}],"curies":[{"name":"wp","href":"https:\/\/api.w.org\/{rel}","templated":true}]}}