{"id":188,"date":"2025-09-17T14:08:42","date_gmt":"2025-09-17T12:08:42","guid":{"rendered":"https:\/\/www.sultrade.cz\/?page_id=188"},"modified":"2026-03-01T23:26:59","modified_gmt":"2026-03-01T21:26:59","slug":"obchodni-podminky","status":"publish","type":"page","link":"https:\/\/sultrade.cz\/pl\/obchodni-podminky\/","title":{"rendered":"Zasady i warunki"},"content":{"rendered":"<section class=\"bde-section-188-100 bde-section\">\n  \n  \n\t\n\n\n\n<div class=\"section-container\"><h1 class=\"bde-heading-188-101 bde-heading item-decoration decoration-light top-left-decoration bottom-left-decoration\">\nZasady i warunki\n<\/h1><div class=\"bde-text-188-142 bde-text breadcrumbs-link\">\n<nav aria-label=\"bu\u0142ka tarta\" class=\"rank-math-breadcrumb\"><p><span class=\"last\">Strona g\u0142\u00f3wna<\/span><\/p><\/nav>\n<\/div><\/div>\n<\/section><section class=\"bde-section-188-202 bde-section embed-background\">\n  \n  \n\t\n\n\n\n<div class=\"section-container\"><div class=\"bde-div-188-203 bde-div sticky-column\">\n  \n  \n\t\n\n\n\n<div class=\"bde-div-188-204 bde-div\">\n  \n  \n\t\n\n\n\n<h2 class=\"bde-heading-188-205 bde-heading\">\nNawigacja\n<\/h2><div class=\"bde-div-188-206 bde-div\">\n  \n  \n\t\n\n\n\n<a class=\"bde-container-link-188-207 bde-container-link breakdance-link\" href=\"#\" target=\"_self\" data-type=\"url\">\n  \n  \n\t\n\n\n\n<div class=\"bde-text-188-208 bde-text\">\n1. Ustanoven\u00ed\n<\/div>\n\n<\/a><a class=\"bde-container-link-188-209 bde-container-link breakdance-link\" href=\"#\" target=\"_self\">\n  \n  \n\t\n\n\n\n<div class=\"bde-text-188-210 bde-text\">\n2. Ustanoven\u00ed\n<\/div>\n\n<\/a><a class=\"bde-container-link-188-211 bde-container-link breakdance-link\" href=\"#\" target=\"_self\">\n  \n  \n\t\n\n\n\n<div class=\"bde-text-188-212 bde-text\">\n3. Ustanoven\u00ed\n<\/div>\n\n<\/a><a class=\"bde-container-link-188-213 bde-container-link breakdance-link\" href=\"#\" target=\"_self\">\n  \n  \n\t\n\n\n\n<div class=\"bde-text-188-214 bde-text\">\n4. Ustanoven\u00ed\n<\/div>\n\n<\/a><a class=\"bde-container-link-188-215 bde-container-link breakdance-link\" href=\"#\" target=\"_self\">\n  \n  \n\t\n\n\n\n<div class=\"bde-text-188-216 bde-text\">\n5. Ustanoven\u00ed\n<\/div>\n\n<\/a><a class=\"bde-container-link-188-217 bde-container-link breakdance-link\" href=\"#\" target=\"_self\">\n  \n  \n\t\n\n\n\n<div class=\"bde-text-188-218 bde-text\">\n6. Ustanoven\u00ed\n<\/div>\n\n<\/a>\n<\/div>\n<\/div>\n<\/div><div class=\"bde-div-188-219 bde-div\">\n  \n  \n\t\n\n\n\n<h3 class=\"bde-heading-188-220 bde-heading\">\n1. Ustanoven\u00ed\n<\/h3><div class=\"bde-rich-text-188-221 bde-rich-text breakdance-rich-text-styles\">\n<p>Lorem ipsum dolor sit amet, consectetur adipiscing elit, sed do eiusmod tempor incididunt ut labore et dolore magna aliqua. Ut enim ad minim veniam, quis nostrud exercitation ullamco laboris nisi ut aliquip ex ea commodo consequat. To, co si\u0119 dzieje, nie ma wp\u0142ywu na to, co si\u0119 dzieje, nie ma wp\u0142ywu na to, co si\u0119 dzieje, nie ma wp\u0142ywu na to, co si\u0119 dzieje, nie ma wp\u0142ywu na to, co si\u0119 dzieje, nie ma wp\u0142ywu na to, co si\u0119 dzieje, nie ma wp\u0142ywu na to, co si\u0119 dzieje, nie ma wp\u0142ywu na to, co si\u0119 dzieje, nie ma wp\u0142ywu na to, co si\u0119 dzieje, nie ma wp\u0142ywu na to, co si\u0119 dzieje, nie ma wp\u0142ywu na to, co si\u0119 dzieje, nie ma wp\u0142ywu na to, co si\u0119 dzieje, nie ma wp\u0142ywu na to, co si\u0119 dzieje.<\/p>\n<\/div><h3 class=\"bde-heading-188-222 bde-heading\">\n2. Ustanoven\u00ed\n<\/h3><div class=\"bde-rich-text-188-223 bde-rich-text breakdance-rich-text-styles\">\n<p>Lorem ipsum dolor sit amet, consectetur adipiscing elit, sed do eiusmod tempor incididunt ut labore et dolore magna aliqua. Ut enim ad minim veniam, quis nostrud exercitation ullamco laboris nisi ut aliquip ex ea commodo consequat. To, co si\u0119 dzieje, nie ma wp\u0142ywu na to, co si\u0119 dzieje, nie ma wp\u0142ywu na to, co si\u0119 dzieje, nie ma wp\u0142ywu na to, co si\u0119 dzieje, nie ma wp\u0142ywu na to, co si\u0119 dzieje, nie ma wp\u0142ywu na to, co si\u0119 dzieje, nie ma wp\u0142ywu na to, co si\u0119 dzieje, nie ma wp\u0142ywu na to, co si\u0119 dzieje, nie ma wp\u0142ywu na to, co si\u0119 dzieje, nie ma wp\u0142ywu na to, co si\u0119 dzieje, nie ma wp\u0142ywu na to, co si\u0119 dzieje, nie ma wp\u0142ywu na to, co si\u0119 dzieje, nie ma wp\u0142ywu na to, co si\u0119 dzieje.<\/p>\n<\/div><h3 class=\"bde-heading-188-224 bde-heading\">\n3. Ustanoven\u00ed\n<\/h3><div class=\"bde-rich-text-188-225 bde-rich-text breakdance-rich-text-styles\">\n<p>Lorem ipsum dolor sit amet, consectetur adipiscing elit, sed do eiusmod tempor incididunt ut labore et dolore magna aliqua. Ut enim ad minim veniam, quis nostrud exercitation ullamco laboris nisi ut aliquip ex ea commodo consequat. To, co si\u0119 dzieje, nie ma wp\u0142ywu na to, co si\u0119 dzieje, nie ma wp\u0142ywu na to, co si\u0119 dzieje, nie ma wp\u0142ywu na to, co si\u0119 dzieje, nie ma wp\u0142ywu na to, co si\u0119 dzieje, nie ma wp\u0142ywu na to, co si\u0119 dzieje, nie ma wp\u0142ywu na to, co si\u0119 dzieje, nie ma wp\u0142ywu na to, co si\u0119 dzieje, nie ma wp\u0142ywu na to, co si\u0119 dzieje, nie ma wp\u0142ywu na to, co si\u0119 dzieje, nie ma wp\u0142ywu na to, co si\u0119 dzieje, nie ma wp\u0142ywu na to, co si\u0119 dzieje, nie ma wp\u0142ywu na to, co si\u0119 dzieje.<\/p>\n<\/div><h3 class=\"bde-heading-188-226 bde-heading\">\n4. Ustanoven\u00ed\n<\/h3><div class=\"bde-rich-text-188-227 bde-rich-text breakdance-rich-text-styles\">\n<p>Lorem ipsum dolor sit amet, consectetur adipiscing elit, sed do eiusmod tempor incididunt ut labore et dolore magna aliqua. Ut enim ad minim veniam, quis nostrud exercitation ullamco laboris nisi ut aliquip ex ea commodo consequat. To, co si\u0119 dzieje, nie ma wp\u0142ywu na to, co si\u0119 dzieje, nie ma wp\u0142ywu na to, co si\u0119 dzieje, nie ma wp\u0142ywu na to, co si\u0119 dzieje, nie ma wp\u0142ywu na to, co si\u0119 dzieje, nie ma wp\u0142ywu na to, co si\u0119 dzieje, nie ma wp\u0142ywu na to, co si\u0119 dzieje, nie ma wp\u0142ywu na to, co si\u0119 dzieje, nie ma wp\u0142ywu na to, co si\u0119 dzieje, nie ma wp\u0142ywu na to, co si\u0119 dzieje, nie ma wp\u0142ywu na to, co si\u0119 dzieje, nie ma wp\u0142ywu na to, co si\u0119 dzieje, nie ma wp\u0142ywu na to, co si\u0119 dzieje.<\/p>\n<\/div><h3 class=\"bde-heading-188-228 bde-heading\">\n5. Ustanoven\u00ed\n<\/h3><div class=\"bde-rich-text-188-229 bde-rich-text breakdance-rich-text-styles\">\n<p>Lorem ipsum dolor sit amet, consectetur adipiscing elit, sed do eiusmod tempor incididunt ut labore et dolore magna aliqua. Ut enim ad minim veniam, quis nostrud exercitation ullamco laboris nisi ut aliquip ex ea commodo consequat. To, co si\u0119 dzieje, nie ma wp\u0142ywu na to, co si\u0119 dzieje, nie ma wp\u0142ywu na to, co si\u0119 dzieje, nie ma wp\u0142ywu na to, co si\u0119 dzieje, nie ma wp\u0142ywu na to, co si\u0119 dzieje, nie ma wp\u0142ywu na to, co si\u0119 dzieje, nie ma wp\u0142ywu na to, co si\u0119 dzieje, nie ma wp\u0142ywu na to, co si\u0119 dzieje, nie ma wp\u0142ywu na to, co si\u0119 dzieje, nie ma wp\u0142ywu na to, co si\u0119 dzieje, nie ma wp\u0142ywu na to, co si\u0119 dzieje, nie ma wp\u0142ywu na to, co si\u0119 dzieje, nie ma wp\u0142ywu na to, co si\u0119 dzieje.<\/p>\n<\/div><h3 class=\"bde-heading-188-230 bde-heading\">\n6. Ustanoven\u00ed\n<\/h3><div class=\"bde-rich-text-188-231 bde-rich-text breakdance-rich-text-styles\">\n<p>Lorem ipsum dolor sit amet, consectetur adipiscing elit, sed do eiusmod tempor incididunt ut labore et dolore magna aliqua. Ut enim ad minim veniam, quis nostrud exercitation ullamco laboris nisi ut aliquip ex ea commodo consequat. To, co si\u0119 dzieje, nie ma wp\u0142ywu na to, co si\u0119 dzieje, nie ma wp\u0142ywu na to, co si\u0119 dzieje, nie ma wp\u0142ywu na to, co si\u0119 dzieje, nie ma wp\u0142ywu na to, co si\u0119 dzieje, nie ma wp\u0142ywu na to, co si\u0119 dzieje, nie ma wp\u0142ywu na to, co si\u0119 dzieje, nie ma wp\u0142ywu na to, co si\u0119 dzieje, nie ma wp\u0142ywu na to, co si\u0119 dzieje, nie ma wp\u0142ywu na to, co si\u0119 dzieje, nie ma wp\u0142ywu na to, co si\u0119 dzieje, nie ma wp\u0142ywu na to, co si\u0119 dzieje, nie ma wp\u0142ywu na to, co si\u0119 dzieje.<\/p>\n<\/div>\n<\/div><\/div>\n<\/section>","protected":false},"excerpt":{"rendered":"<p>Obchodn\u00ed podm\u00ednky Dom\u016f Navigace 1. Ustanoven\u00ed 2. Ustanoven\u00ed 3. Ustanoven\u00ed 4. Ustanoven\u00ed 5. Ustanoven\u00ed 6. Ustanoven\u00ed 1. Ustanoven\u00ed Lorem ipsum dolor sit amet, consectetur adipiscing elit, sed do eiusmod tempor incididunt ut labore et dolore magna aliqua. Ut enim ad minim veniam, quis nostrud exercitation ullamco laboris nisi ut aliquip ex ea commodo consequat. Duis [&hellip;]<\/p>\n","protected":false},"author":1,"featured_media":0,"parent":0,"menu_order":0,"comment_status":"closed","ping_status":"closed","template":"","meta":{"_acf_changed":false,"_breakdance_hide_in_design_set":false,"_breakdance_tags":"","footnotes":""},"class_list":["post-188","page","type-page","status-publish","hentry"],"acf":[],"_links":{"self":[{"href":"https:\/\/sultrade.cz\/pl\/wp-json\/wp\/v2\/pages\/188","targetHints":{"allow":["GET"]}}],"collection":[{"href":"https:\/\/sultrade.cz\/pl\/wp-json\/wp\/v2\/pages"}],"about":[{"href":"https:\/\/sultrade.cz\/pl\/wp-json\/wp\/v2\/types\/page"}],"author":[{"embeddable":true,"href":"https:\/\/sultrade.cz\/pl\/wp-json\/wp\/v2\/users\/1"}],"replies":[{"embeddable":true,"href":"https:\/\/sultrade.cz\/pl\/wp-json\/wp\/v2\/comments?post=188"}],"version-history":[{"count":10,"href":"https:\/\/sultrade.cz\/pl\/wp-json\/wp\/v2\/pages\/188\/revisions"}],"predecessor-version":[{"id":2138,"href":"https:\/\/sultrade.cz\/pl\/wp-json\/wp\/v2\/pages\/188\/revisions\/2138"}],"wp:attachment":[{"href":"https:\/\/sultrade.cz\/pl\/wp-json\/wp\/v2\/media?parent=188"}],"curies":[{"name":"wp","href":"https:\/\/api.w.org\/{rel}","templated":true}]}}