{"id":32,"date":"2025-09-16T11:23:57","date_gmt":"2025-09-16T09:23:57","guid":{"rendered":"https:\/\/www.sultrade.cz\/?page_id=32"},"modified":"2026-03-02T01:10:27","modified_gmt":"2026-03-01T23:10:27","slug":"news","status":"publish","type":"page","link":"https:\/\/sultrade.cz\/en\/aktuality\/","title":{"rendered":"News"},"content":{"rendered":"<section class=\"bde-section-32-101 bde-section\">\n  \n  \n\t\n\n\n\n<div class=\"section-container\"><h1 class=\"bde-heading-32-147 bde-heading item-decoration top-left-decoration bottom-left-decoration decoration-light\">\nAktuality\n<\/h1><div class=\"bde-text-32-103 bde-text breadcrumbs-link\">\n<nav aria-label=\"breadcrumbs\" class=\"rank-math-breadcrumb\"><p><span class=\"last\">Dom\u016f<\/span><\/p><\/nav>\n<\/div><\/div>\n<\/section><section class=\"bde-section-32-104 bde-section embed-background\">\n  \n  \n\t\n\n\n\n<div class=\"section-container\"><div class=\"bde-div-32-146 bde-div sticky-column\">\n  \n  \n\t\n\n\n\n<div class=\"bde-div-32-105 bde-div\">\n  \n  \n\t\n\n\n\n<div class=\"bde-div-32-111 bde-div\">\n  \n  \n\t\n\n\n\n<img decoding=\"async\" class=\"bde-image2-32-149 bde-image2\" src=\"https:\/\/www.sultrade.cz\/wp-content\/uploads\/1-7-1.webp\" loading=\"lazy\" srcset=\"https:\/\/www.sultrade.cz\/wp-content\/uploads\/1-7-1.webp 300w, https:\/\/www.sultrade.cz\/wp-content\/uploads\/1-7-1-150x150.webp 150w, https:\/\/www.sultrade.cz\/wp-content\/uploads\/1-7-1-12x12.webp 12w\" sizes=\"(max-width: 300px) 100vw, 300px\"><img decoding=\"async\" class=\"bde-image2-32-150 bde-image2\" src=\"https:\/\/www.sultrade.cz\/wp-content\/uploads\/sultrade.webp\" loading=\"lazy\" srcset=\"https:\/\/www.sultrade.cz\/wp-content\/uploads\/sultrade.webp 767w, https:\/\/www.sultrade.cz\/wp-content\/uploads\/sultrade-300x117.webp 300w, https:\/\/www.sultrade.cz\/wp-content\/uploads\/sultrade-18x7.webp 18w\" sizes=\"(max-width: 767px) 100vw, 767px\"><h3 class=\"bde-heading-32-109 bde-heading\">\nZavolejte n\u00e1m\n<\/h3><div class=\"bde-icon-list-32-110 bde-icon-list global-link-decor\">\n<ul>\n  \n              \n    <li>\n                      \n            \n            \n\n    \n    \n    \n    \n    \n    <a class=\"breakdance-link bde-icon-list__item-wrapper\" href=\"tel:+420220518751\" target=\"_self\" data-type=\"url\"  >\n\n      \n      <span class='bde-icon-list__icon'>\n        <svg xmlns=\"http:\/\/www.w3.org\/2000\/svg\" fill=\"#000000\" width=\"800px\" height=\"800px\" viewBox=\"0 0 32 32\" version=\"1.1\">\r\n<title>phone<\/title>\r\n<path d=\"M0 10.375c0 0.938 0.344 1.969 0.781 3.063s1 2.125 1.438 2.906c1.188 2.063 2.719 4.094 4.469 5.781s3.813 3.094 6.125 3.938c1.344 0.531 2.688 1.125 4.188 1.125 0.75 0 1.813-0.281 2.781-0.688 0.938-0.406 1.781-1.031 2.094-1.781 0.125-0.281 0.281-0.656 0.375-1.094 0.094-0.406 0.156-0.813 0.156-1.094 0-0.156 0-0.313-0.031-0.344-0.094-0.188-0.313-0.344-0.563-0.5-0.563-0.281-0.656-0.375-1.5-0.875-0.875-0.5-1.781-1.063-2.563-1.469-0.375-0.219-0.625-0.313-0.719-0.313-0.5 0-1.125 0.688-1.656 1.438-0.563 0.75-1.188 1.438-1.625 1.438-0.219 0-0.438-0.094-0.688-0.25s-0.5-0.281-0.656-0.375c-2.75-1.563-4.594-3.406-6.156-6.125-0.188-0.313-0.625-0.969-0.625-1.313 0-0.406 0.563-0.875 1.125-1.375 0.531-0.469 1.094-1.031 1.094-1.719 0-0.094-0.063-0.375-0.188-0.781-0.281-0.813-0.656-1.75-0.969-2.656-0.156-0.438-0.281-0.75-0.313-0.906-0.063-0.094-0.094-0.219-0.125-0.375s-0.094-0.281-0.125-0.406c-0.094-0.281-0.25-0.5-0.406-0.625-0.156-0.063-0.531-0.156-0.906-0.188-0.375 0-0.813-0.031-1-0.031-0.094 0-0.219 0-0.344 0.031h-0.406c-1 0.438-1.719 1.313-2.25 2.344-0.5 1.031-0.813 2.188-0.813 3.219z\"\/>\r\n<\/svg>\n      <\/span>\n      <span class='bde-icon-list__text' >\n      +420 220 518 751\n      <\/span>\n                  <\/a>\n\n      \n    <\/li>\n\n  <\/ul>\n\n<\/div>\n<\/div><div class=\"bde-fancy-divider-32-112 bde-fancy-divider cards-divider\">\n\n\n<div class=\"bde-fancy-divider__wrapper\">\n  <div class=\"bde-fancy-divider__separator   \">\n  \t  <\/div>\n<\/div>\n\n<\/div><div class=\"bde-div-32-113 bde-div\">\n  \n  \n\t\n\n\n\n<h3 class=\"bde-heading-32-114 bde-heading\">\nNapi\u0161te n\u00e1m\n<\/h3><div class=\"bde-icon-list-32-115 bde-icon-list global-link-decor\">\n<ul>\n  \n              \n    <li>\n                      \n            \n            \n\n    \n    \n    \n    \n    \n    <a class=\"breakdance-link bde-icon-list__item-wrapper\" href=\"mailto:sultrade@sultrade.cz\" target=\"_self\" data-type=\"url\"  >\n\n      \n      <span class='bde-icon-list__icon'>\n        <svg xmlns:x=\"http:\/\/ns.adobe.com\/Extensibility\/1.0\/\" xmlns:i=\"http:\/\/ns.adobe.com\/AdobeIllustrator\/10.0\/\" xmlns:graph=\"http:\/\/ns.adobe.com\/Graphs\/1.0\/\" xmlns=\"http:\/\/www.w3.org\/2000\/svg\" xmlns:xlink=\"http:\/\/www.w3.org\/1999\/xlink\" xmlns:a=\"http:\/\/ns.adobe.com\/AdobeSVGViewerExtensions\/3.0\/\" fill=\"#000000\" version=\"1.1\" baseProfile=\"tiny\" id=\"Layer_1\" width=\"800px\" height=\"800px\" viewBox=\"-0.5 0.5 42 42\" xml:space=\"preserve\">\r\n<path d=\"M40.5,31.5v-18c0,0-18.2,12.7-19.97,13.359C18.79,26.23,0.5,13.5,0.5,13.5v18c0,2.5,0.53,3,3,3h34  C40.029,34.5,40.5,34.061,40.5,31.5z M40.471,9.971c0-1.821-0.531-2.471-2.971-2.471h-34c-2.51,0-3,0.78-3,2.6l0.03,0.28  c0,0,18.069,12.44,20,13.12C22.57,22.71,40.5,10.1,40.5,10.1L40.471,9.971z\"\/>\r\n<\/svg>\n      <\/span>\n      <span class='bde-icon-list__text' >\n      sultrade@sultrade.cz\n      <\/span>\n                  <\/a>\n\n      \n    <\/li>\n\n  <\/ul>\n\n<\/div>\n<\/div>\n<\/div>\n<\/div><div class=\"bde-div-32-106 bde-div\">\n  \n  \n\t\n\n\n\n<div class=\"bde-search-form-32-117 bde-search-form custom-search-bar\">\n\n\n\n\n\n\n   \n\n\n<form id=\"search-form-117\" role=\"search\" method=\"get\" data-type=\"classic\" aria-hidden=\"false\" class=\"js-search-form search-form search-form--classic\" action=\"https:\/\/sultrade.cz\/en\">\n    <input type='hidden' name='post_type' value='post' \/>\n  <div class=\"search-form__container\">\n      <button type=\"submit\" aria-label=\"search\" class=\"search-form__button has-text\">\n                Vyhledat\n          <\/button>\n   \n   \n\n  \t\n  \t<label class=\"screen-reader-text\" for=\"search-form-field-117\">Search for:<\/label>\n   \n        <input id=\"search-form-field-117\" type=\"text\" class=\"js-search-form-field search-form__field\" placeholder=\"Hledejte...\" value=\"\" name=\"s\" \/>\n  \t \n\n     \n   \n     \n\n      \n  <\/div>\n<\/form>\n\n\n<\/div><h2 class=\"bde-heading-32-148 bde-heading hidden-heading\">\nAktuality v t\u00e9to kategorii\n<\/h2><div class=\"bde-post-loop-32-119 bde-post-loop\"><div class=\"bde-loop bde-loop-grid ee-posts ee-posts-grid\">    <article class=\"bde-loop-item ee-post\">\n        <a class=\"bde-container-link-149-116-2213-149-1 bde-container-link hover-cards bde-container-link-149-116 breakdance-link\" href=\"https:\/\/sultrade.cz\/en\/aktuality\/kontinualni-pulzacni-odstredivky\/\" target=\"_self\" data-type=\"url\">\n  \n  \n\t\n\n\n\n<div class=\"bde-div-149-117-2213-149-1 bde-div card-image-wrapper bde-div-149-117\">\n  \n  \n\t\n\n\n\n<img decoding=\"async\" class=\"bde-image2-149-118-2213-149-1 bde-image2 cards-content bde-image2-149-118\" src=\"https:\/\/sultrade.cz\/wp-content\/uploads\/pusher-centirfuge.jpg\" alt=\"pusher centrifuge for nitrocellulose\" loading=\"lazy\" srcset=\"https:\/\/sultrade.cz\/wp-content\/uploads\/pusher-centirfuge.jpg 800w, https:\/\/sultrade.cz\/wp-content\/uploads\/pusher-centirfuge-300x209.jpg 300w, https:\/\/sultrade.cz\/wp-content\/uploads\/pusher-centirfuge-768x534.jpg 768w, https:\/\/sultrade.cz\/wp-content\/uploads\/pusher-centirfuge-18x12.jpg 18w\" sizes=\"(max-width: 800px) 100vw, 800px\">\n<\/div><div class=\"bde-div-149-119-2213-149-1 bde-div bde-div-149-119\">\n  \n  \n\t\n\n\n\n<div class=\"bde-icon-list-149-101-2213-149-1 bde-icon-list cards-content global-icon-dark bde-icon-list-149-101\">\n<ul>\n  \n              \n    <li>\n              <div class='bde-icon-list__item-wrapper'>\n      \n      <span class='bde-icon-list__icon'>\n        <svg xmlns=\"http:\/\/www.w3.org\/2000\/svg\" width=\"16\" height=\"16\" viewBox=\"0 0 16 16\" fill=\"none\">\r\n<path d=\"M4.39967 0.761842C4.39967 0.341088 4.04153 0 3.59974 0C3.15795 0 2.7998 0.341088 2.7998 0.761842V1.52368C2.7998 1.94444 3.15795 2.28553 3.59974 2.28553C4.04153 2.28553 4.39967 1.94444 4.39967 1.52368V0.761842Z\" fill=\"#003EAB\"\/>\r\n<path d=\"M13.1995 0.761842C13.1995 0.341088 12.8413 0 12.3995 0C11.9578 0 11.5996 0.341088 11.5996 0.761842V1.52368C11.5996 1.94444 11.9578 2.28553 12.3995 2.28553C12.8413 2.28553 13.1995 1.94444 13.1995 1.52368V0.761842Z\" fill=\"#003EAB\"\/>\r\n<path d=\"M0 5.71582V14.4777C0 15.3193 0.7164 16.0016 1.6 16.0016H14.4C15.2836 16.0016 16 15.3193 16 14.4777V5.71582H0ZM4.8 13.3349C4.8 13.7558 4.442 14.0968 4 14.0968H3.2C2.758 14.0968 2.4 13.7558 2.4 13.3349V12.573C2.4 12.152 2.758 11.8111 3.2 11.8111H4C4.442 11.8111 4.8 12.152 4.8 12.573V13.3349ZM4.8 9.1444C4.8 9.56535 4.442 9.90631 4 9.90631H3.2C2.758 9.90631 2.4 9.56535 2.4 9.1444V8.38249C2.4 7.96154 2.758 7.62059 3.2 7.62059H4C4.442 7.62059 4.8 7.96154 4.8 8.38249V9.1444ZM9.2 13.3349C9.2 13.7558 8.842 14.0968 8.4 14.0968H7.6C7.158 14.0968 6.8 13.7558 6.8 13.3349V12.573C6.8 12.152 7.158 11.8111 7.6 11.8111H8.4C8.842 11.8111 9.2 12.152 9.2 12.573V13.3349ZM9.2 9.1444C9.2 9.56535 8.842 9.90631 8.4 9.90631H7.6C7.158 9.90631 6.8 9.56535 6.8 9.1444V8.38249C6.8 7.96154 7.158 7.62059 7.6 7.62059H8.4C8.842 7.62059 9.2 7.96154 9.2 8.38249V9.1444ZM13.6 13.3349C13.6 13.7558 13.242 14.0968 12.8 14.0968H12C11.558 14.0968 11.2 13.7558 11.2 13.3349V12.573C11.2 12.152 11.558 11.8111 12 11.8111H12.8C13.242 11.8111 13.6 12.152 13.6 12.573V13.3349ZM13.6 9.1444C13.6 9.56535 13.242 9.90631 12.8 9.90631H12C11.558 9.90631 11.2 9.56535 11.2 9.1444V8.38249C11.2 7.96154 11.558 7.62059 12 7.62059H12.8C13.242 7.62059 13.6 7.96154 13.6 8.38249V9.1444Z\" fill=\"#003EAB\"\/>\r\n<path d=\"M16 4.95211V2.66639C16 1.82487 15.2836 1.14258 14.4 1.14258H14V1.52353C14 2.36391 13.2824 3.04734 12.4 3.04734C11.5176 3.04734 10.8 2.36391 10.8 1.52353V1.14258H5.2V1.52353C5.2 2.36391 4.4824 3.04734 3.6 3.04734C2.7176 3.04734 2 2.36391 2 1.52353V1.14258H1.6C0.7164 1.14258 0 1.82487 0 2.66639V4.95211H16Z\" fill=\"#003EAB\"\/>\r\n<\/svg>\n      <\/span>\n      <span class='bde-icon-list__text' >\n      March 6, 2026\n      <\/span>\n              <\/div>\n      \n    <\/li>\n\n  <\/ul>\n\n<\/div><div class=\"bde-fancy-divider-149-128-2213-149-1 bde-fancy-divider cards-divider bde-fancy-divider-149-128\">\n\n\n<div class=\"bde-fancy-divider__wrapper\">\n  <div class=\"bde-fancy-divider__separator   \">\n  \t  <\/div>\n<\/div>\n\n<\/div><h3 class=\"bde-heading-149-121-2213-149-1 bde-heading cards-content bde-heading-149-121\">\nKontinu\u00e1ln\u00ed pulza\u010dn\u00ed odst\u0159edivky\n<\/h3><div class=\"bde-text-149-122-2213-149-1 bde-text cards-content bde-text-149-122\">\nV\u011bd\u011bli jste, \u017ee ve spole\u010dnosti Sultrade Praha s.r.o. nedod\u00e1v\u00e1me jen klasick\u00e9 d\u00e1vkov\u00e9 centrifugy? Dod\u00e1v\u00e1me tak\u00e9 kontinu\u00e1ln\u00ed tla\u010dn\u00e9 centrifugy \u2013 ide\u00e1ln\u00ed...\n<\/div><div class=\"bde-fancy-divider-149-123-2213-149-1 bde-fancy-divider cards-divider bde-fancy-divider-149-123\">\n\n\n<div class=\"bde-fancy-divider__wrapper\">\n  <div class=\"bde-fancy-divider__separator   \">\n  \t  <\/div>\n<\/div>\n\n<\/div><div class=\"bde-div-149-124-2213-149-1 bde-div bde-div-149-124\">\n  \n  \n\t\n\n\n\n<div class=\"bde-text-149-125-2213-149-1 bde-text card-link bde-text-149-125\">\nZobrazit v\u00edce\n<\/div><div class=\"bde-icon-149-126-2213-149-1 bde-icon global-icon-dark bde-icon-149-126\">\n\n    \n            <div class=\"bde-icon-icon breakdance-icon-atom\" >\n    \n                    <svg xmlns=\"http:\/\/www.w3.org\/2000\/svg\" xmlns:xlink=\"http:\/\/www.w3.org\/1999\/xlink\" width=\"800px\" height=\"800px\" viewBox=\"0 0 20 20\" version=\"1.1\" fill=\"#000000\">\r\n\r\n<g id=\"SVGRepo_bgCarrier\" stroke-width=\"0\"\/>\r\n\r\n<g id=\"SVGRepo_tracerCarrier\" stroke-linecap=\"round\" stroke-linejoin=\"round\"\/>\r\n\r\n<g id=\"SVGRepo_iconCarrier\"> <title>arrow_right [#349]<\/title> <desc>Created with Sketch.<\/desc> <defs> <\/defs> <g id=\"Page-1\" stroke=\"none\" stroke-width=\"1\" fill=\"none\" fill-rule=\"evenodd\"> <g id=\"Dribbble-Light-Preview\" transform=\"translate(-180.000000, -6639.000000)\" fill=\"#000000\"> <g id=\"icons\" transform=\"translate(56.000000, 160.000000)\"> <path d=\"M134,6479 L132.565,6480.393 L140.172,6488 L124,6488 L124,6490 L140.172,6490 L132.586,6497.586 L134,6499 C137.661,6495.339 140.496,6492.504 144,6489 L134,6479\" id=\"arrow_right-[#349]\"> <\/path> <\/g> <\/g> <\/g> <\/g>\r\n\r\n<\/svg>\n        \n        \n        \n            <\/div>\n    \n\n\n<\/div>\n<\/div>\n<\/div>\n\n<\/a>    <\/article>\n    <article class=\"bde-loop-item ee-post\">\n        <a class=\"bde-container-link-149-116-1313-149-1 bde-container-link hover-cards bde-container-link-149-116 breakdance-link\" href=\"https:\/\/sultrade.cz\/en\/aktuality\/nase-prvni-centrifuga-dorucena-do-francie\/\" target=\"_self\" data-type=\"url\">\n  \n  \n\t\n\n\n\n<div class=\"bde-div-149-117-1313-149-1 bde-div card-image-wrapper bde-div-149-117\">\n  \n  \n\t\n\n\n\n<img decoding=\"async\" class=\"bde-image2-149-118-1313-149-1 bde-image2 cards-content bde-image2-149-118\" src=\"https:\/\/sultrade.cz\/wp-content\/uploads\/nase-prvni-centrifuga-dorucena-do-francie.webp\" loading=\"lazy\" srcset=\"https:\/\/sultrade.cz\/wp-content\/uploads\/nase-prvni-centrifuga-dorucena-do-francie.webp 767w, https:\/\/sultrade.cz\/wp-content\/uploads\/nase-prvni-centrifuga-dorucena-do-francie-300x156.webp 300w\" sizes=\"(max-width: 767px) 100vw, 767px\">\n<\/div><div class=\"bde-div-149-119-1313-149-1 bde-div bde-div-149-119\">\n  \n  \n\t\n\n\n\n<div class=\"bde-icon-list-149-101-1313-149-1 bde-icon-list cards-content global-icon-dark bde-icon-list-149-101\">\n<ul>\n  \n              \n    <li>\n              <div class='bde-icon-list__item-wrapper'>\n      \n      <span class='bde-icon-list__icon'>\n        <svg xmlns=\"http:\/\/www.w3.org\/2000\/svg\" width=\"16\" height=\"16\" viewBox=\"0 0 16 16\" fill=\"none\">\r\n<path d=\"M4.39967 0.761842C4.39967 0.341088 4.04153 0 3.59974 0C3.15795 0 2.7998 0.341088 2.7998 0.761842V1.52368C2.7998 1.94444 3.15795 2.28553 3.59974 2.28553C4.04153 2.28553 4.39967 1.94444 4.39967 1.52368V0.761842Z\" fill=\"#003EAB\"\/>\r\n<path d=\"M13.1995 0.761842C13.1995 0.341088 12.8413 0 12.3995 0C11.9578 0 11.5996 0.341088 11.5996 0.761842V1.52368C11.5996 1.94444 11.9578 2.28553 12.3995 2.28553C12.8413 2.28553 13.1995 1.94444 13.1995 1.52368V0.761842Z\" fill=\"#003EAB\"\/>\r\n<path d=\"M0 5.71582V14.4777C0 15.3193 0.7164 16.0016 1.6 16.0016H14.4C15.2836 16.0016 16 15.3193 16 14.4777V5.71582H0ZM4.8 13.3349C4.8 13.7558 4.442 14.0968 4 14.0968H3.2C2.758 14.0968 2.4 13.7558 2.4 13.3349V12.573C2.4 12.152 2.758 11.8111 3.2 11.8111H4C4.442 11.8111 4.8 12.152 4.8 12.573V13.3349ZM4.8 9.1444C4.8 9.56535 4.442 9.90631 4 9.90631H3.2C2.758 9.90631 2.4 9.56535 2.4 9.1444V8.38249C2.4 7.96154 2.758 7.62059 3.2 7.62059H4C4.442 7.62059 4.8 7.96154 4.8 8.38249V9.1444ZM9.2 13.3349C9.2 13.7558 8.842 14.0968 8.4 14.0968H7.6C7.158 14.0968 6.8 13.7558 6.8 13.3349V12.573C6.8 12.152 7.158 11.8111 7.6 11.8111H8.4C8.842 11.8111 9.2 12.152 9.2 12.573V13.3349ZM9.2 9.1444C9.2 9.56535 8.842 9.90631 8.4 9.90631H7.6C7.158 9.90631 6.8 9.56535 6.8 9.1444V8.38249C6.8 7.96154 7.158 7.62059 7.6 7.62059H8.4C8.842 7.62059 9.2 7.96154 9.2 8.38249V9.1444ZM13.6 13.3349C13.6 13.7558 13.242 14.0968 12.8 14.0968H12C11.558 14.0968 11.2 13.7558 11.2 13.3349V12.573C11.2 12.152 11.558 11.8111 12 11.8111H12.8C13.242 11.8111 13.6 12.152 13.6 12.573V13.3349ZM13.6 9.1444C13.6 9.56535 13.242 9.90631 12.8 9.90631H12C11.558 9.90631 11.2 9.56535 11.2 9.1444V8.38249C11.2 7.96154 11.558 7.62059 12 7.62059H12.8C13.242 7.62059 13.6 7.96154 13.6 8.38249V9.1444Z\" fill=\"#003EAB\"\/>\r\n<path d=\"M16 4.95211V2.66639C16 1.82487 15.2836 1.14258 14.4 1.14258H14V1.52353C14 2.36391 13.2824 3.04734 12.4 3.04734C11.5176 3.04734 10.8 2.36391 10.8 1.52353V1.14258H5.2V1.52353C5.2 2.36391 4.4824 3.04734 3.6 3.04734C2.7176 3.04734 2 2.36391 2 1.52353V1.14258H1.6C0.7164 1.14258 0 1.82487 0 2.66639V4.95211H16Z\" fill=\"#003EAB\"\/>\r\n<\/svg>\n      <\/span>\n      <span class='bde-icon-list__text' >\n      December 23, 2025\n      <\/span>\n              <\/div>\n      \n    <\/li>\n\n  <\/ul>\n\n<\/div><div class=\"bde-fancy-divider-149-128-1313-149-1 bde-fancy-divider cards-divider bde-fancy-divider-149-128\">\n\n\n<div class=\"bde-fancy-divider__wrapper\">\n  <div class=\"bde-fancy-divider__separator   \">\n  \t  <\/div>\n<\/div>\n\n<\/div><h3 class=\"bde-heading-149-121-1313-149-1 bde-heading cards-content bde-heading-149-121\">\nNa\u0161e prvn\u00ed centrifuga doru\u010dena do Francie\n<\/h3><div class=\"bde-text-149-122-1313-149-1 bde-text cards-content bde-text-149-122\">\nPr\u00e1v\u011b jsme dokon\u010dili dod\u00e1vku na\u0161\u00ed prvn\u00ed centrifugy SCH 400\/180 SC do Francie \u2013 projekt, kter\u00fd dokonale ukazuje, co v praxi znamen\u00e1 \u201ezak\u00e1zkov\u00e9 in\u017een\u00fdrs...\n<\/div><div class=\"bde-fancy-divider-149-123-1313-149-1 bde-fancy-divider cards-divider bde-fancy-divider-149-123\">\n\n\n<div class=\"bde-fancy-divider__wrapper\">\n  <div class=\"bde-fancy-divider__separator   \">\n  \t  <\/div>\n<\/div>\n\n<\/div><div class=\"bde-div-149-124-1313-149-1 bde-div bde-div-149-124\">\n  \n  \n\t\n\n\n\n<div class=\"bde-text-149-125-1313-149-1 bde-text card-link bde-text-149-125\">\nZobrazit v\u00edce\n<\/div><div class=\"bde-icon-149-126-1313-149-1 bde-icon global-icon-dark bde-icon-149-126\">\n\n    \n            <div class=\"bde-icon-icon breakdance-icon-atom\" >\n    \n                    <svg xmlns=\"http:\/\/www.w3.org\/2000\/svg\" xmlns:xlink=\"http:\/\/www.w3.org\/1999\/xlink\" width=\"800px\" height=\"800px\" viewBox=\"0 0 20 20\" version=\"1.1\" fill=\"#000000\">\r\n\r\n<g id=\"SVGRepo_bgCarrier\" stroke-width=\"0\"\/>\r\n\r\n<g id=\"SVGRepo_tracerCarrier\" stroke-linecap=\"round\" stroke-linejoin=\"round\"\/>\r\n\r\n<g id=\"SVGRepo_iconCarrier\"> <title>arrow_right [#349]<\/title> <desc>Created with Sketch.<\/desc> <defs> <\/defs> <g id=\"Page-1\" stroke=\"none\" stroke-width=\"1\" fill=\"none\" fill-rule=\"evenodd\"> <g id=\"Dribbble-Light-Preview\" transform=\"translate(-180.000000, -6639.000000)\" fill=\"#000000\"> <g id=\"icons\" transform=\"translate(56.000000, 160.000000)\"> <path d=\"M134,6479 L132.565,6480.393 L140.172,6488 L124,6488 L124,6490 L140.172,6490 L132.586,6497.586 L134,6499 C137.661,6495.339 140.496,6492.504 144,6489 L134,6479\" id=\"arrow_right-[#349]\"> <\/path> <\/g> <\/g> <\/g> <\/g>\r\n\r\n<\/svg>\n        \n        \n        \n            <\/div>\n    \n\n\n<\/div>\n<\/div>\n<\/div>\n\n<\/a>    <\/article>\n    <article class=\"bde-loop-item ee-post\">\n        <a class=\"bde-container-link-149-116-1310-149-1 bde-container-link hover-cards bde-container-link-149-116 breakdance-link\" href=\"https:\/\/sultrade.cz\/en\/aktuality\/dodavka-vestaveb-a-vnitrniho-vybaveni-pro-destilacni-kolony\/\" target=\"_self\" data-type=\"url\">\n  \n  \n\t\n\n\n\n<div class=\"bde-div-149-117-1310-149-1 bde-div card-image-wrapper bde-div-149-117\">\n  \n  \n\t\n\n\n\n<img decoding=\"async\" class=\"bde-image2-149-118-1310-149-1 bde-image2 cards-content bde-image2-149-118\" src=\"https:\/\/sultrade.cz\/wp-content\/uploads\/dodavka-vestaveb-a-vnitrniho-vybaveni-pro-destilacni-kolony.webp\" loading=\"lazy\" srcset=\"https:\/\/sultrade.cz\/wp-content\/uploads\/dodavka-vestaveb-a-vnitrniho-vybaveni-pro-destilacni-kolony.webp 767w, https:\/\/sultrade.cz\/wp-content\/uploads\/dodavka-vestaveb-a-vnitrniho-vybaveni-pro-destilacni-kolony-300x156.webp 300w\" sizes=\"(max-width: 767px) 100vw, 767px\">\n<\/div><div class=\"bde-div-149-119-1310-149-1 bde-div bde-div-149-119\">\n  \n  \n\t\n\n\n\n<div class=\"bde-icon-list-149-101-1310-149-1 bde-icon-list cards-content global-icon-dark bde-icon-list-149-101\">\n<ul>\n  \n              \n    <li>\n              <div class='bde-icon-list__item-wrapper'>\n      \n      <span class='bde-icon-list__icon'>\n        <svg xmlns=\"http:\/\/www.w3.org\/2000\/svg\" width=\"16\" height=\"16\" viewBox=\"0 0 16 16\" fill=\"none\">\r\n<path d=\"M4.39967 0.761842C4.39967 0.341088 4.04153 0 3.59974 0C3.15795 0 2.7998 0.341088 2.7998 0.761842V1.52368C2.7998 1.94444 3.15795 2.28553 3.59974 2.28553C4.04153 2.28553 4.39967 1.94444 4.39967 1.52368V0.761842Z\" fill=\"#003EAB\"\/>\r\n<path d=\"M13.1995 0.761842C13.1995 0.341088 12.8413 0 12.3995 0C11.9578 0 11.5996 0.341088 11.5996 0.761842V1.52368C11.5996 1.94444 11.9578 2.28553 12.3995 2.28553C12.8413 2.28553 13.1995 1.94444 13.1995 1.52368V0.761842Z\" fill=\"#003EAB\"\/>\r\n<path d=\"M0 5.71582V14.4777C0 15.3193 0.7164 16.0016 1.6 16.0016H14.4C15.2836 16.0016 16 15.3193 16 14.4777V5.71582H0ZM4.8 13.3349C4.8 13.7558 4.442 14.0968 4 14.0968H3.2C2.758 14.0968 2.4 13.7558 2.4 13.3349V12.573C2.4 12.152 2.758 11.8111 3.2 11.8111H4C4.442 11.8111 4.8 12.152 4.8 12.573V13.3349ZM4.8 9.1444C4.8 9.56535 4.442 9.90631 4 9.90631H3.2C2.758 9.90631 2.4 9.56535 2.4 9.1444V8.38249C2.4 7.96154 2.758 7.62059 3.2 7.62059H4C4.442 7.62059 4.8 7.96154 4.8 8.38249V9.1444ZM9.2 13.3349C9.2 13.7558 8.842 14.0968 8.4 14.0968H7.6C7.158 14.0968 6.8 13.7558 6.8 13.3349V12.573C6.8 12.152 7.158 11.8111 7.6 11.8111H8.4C8.842 11.8111 9.2 12.152 9.2 12.573V13.3349ZM9.2 9.1444C9.2 9.56535 8.842 9.90631 8.4 9.90631H7.6C7.158 9.90631 6.8 9.56535 6.8 9.1444V8.38249C6.8 7.96154 7.158 7.62059 7.6 7.62059H8.4C8.842 7.62059 9.2 7.96154 9.2 8.38249V9.1444ZM13.6 13.3349C13.6 13.7558 13.242 14.0968 12.8 14.0968H12C11.558 14.0968 11.2 13.7558 11.2 13.3349V12.573C11.2 12.152 11.558 11.8111 12 11.8111H12.8C13.242 11.8111 13.6 12.152 13.6 12.573V13.3349ZM13.6 9.1444C13.6 9.56535 13.242 9.90631 12.8 9.90631H12C11.558 9.90631 11.2 9.56535 11.2 9.1444V8.38249C11.2 7.96154 11.558 7.62059 12 7.62059H12.8C13.242 7.62059 13.6 7.96154 13.6 8.38249V9.1444Z\" fill=\"#003EAB\"\/>\r\n<path d=\"M16 4.95211V2.66639C16 1.82487 15.2836 1.14258 14.4 1.14258H14V1.52353C14 2.36391 13.2824 3.04734 12.4 3.04734C11.5176 3.04734 10.8 2.36391 10.8 1.52353V1.14258H5.2V1.52353C5.2 2.36391 4.4824 3.04734 3.6 3.04734C2.7176 3.04734 2 2.36391 2 1.52353V1.14258H1.6C0.7164 1.14258 0 1.82487 0 2.66639V4.95211H16Z\" fill=\"#003EAB\"\/>\r\n<\/svg>\n      <\/span>\n      <span class='bde-icon-list__text' >\n      December 23, 2025\n      <\/span>\n              <\/div>\n      \n    <\/li>\n\n  <\/ul>\n\n<\/div><div class=\"bde-fancy-divider-149-128-1310-149-1 bde-fancy-divider cards-divider bde-fancy-divider-149-128\">\n\n\n<div class=\"bde-fancy-divider__wrapper\">\n  <div class=\"bde-fancy-divider__separator   \">\n  \t  <\/div>\n<\/div>\n\n<\/div><h3 class=\"bde-heading-149-121-1310-149-1 bde-heading cards-content bde-heading-149-121\">\nDOD\u00c1VKA VESTAVEB A VNIT\u0158N\u00cdHO VYBAVEN\u00cd PRO DESTILA\u010cN\u00cd KOLONY\n<\/h3><div class=\"bde-text-149-122-1310-149-1 bde-text cards-content bde-text-149-122\">\nVe spole\u010dnosti Sultrade Praha s.r.o. se specializuj\u00ed na dod\u00e1vky vestaveb a vnit\u0159n\u00edho vybaven\u00ed do rektifika\u010dn\u00edch a absorp\u010dn\u00edch kolon pro chemick\u00fd, rafi...\n<\/div><div class=\"bde-fancy-divider-149-123-1310-149-1 bde-fancy-divider cards-divider bde-fancy-divider-149-123\">\n\n\n<div class=\"bde-fancy-divider__wrapper\">\n  <div class=\"bde-fancy-divider__separator   \">\n  \t  <\/div>\n<\/div>\n\n<\/div><div class=\"bde-div-149-124-1310-149-1 bde-div bde-div-149-124\">\n  \n  \n\t\n\n\n\n<div class=\"bde-text-149-125-1310-149-1 bde-text card-link bde-text-149-125\">\nZobrazit v\u00edce\n<\/div><div class=\"bde-icon-149-126-1310-149-1 bde-icon global-icon-dark bde-icon-149-126\">\n\n    \n            <div class=\"bde-icon-icon breakdance-icon-atom\" >\n    \n                    <svg xmlns=\"http:\/\/www.w3.org\/2000\/svg\" xmlns:xlink=\"http:\/\/www.w3.org\/1999\/xlink\" width=\"800px\" height=\"800px\" viewBox=\"0 0 20 20\" version=\"1.1\" fill=\"#000000\">\r\n\r\n<g id=\"SVGRepo_bgCarrier\" stroke-width=\"0\"\/>\r\n\r\n<g id=\"SVGRepo_tracerCarrier\" stroke-linecap=\"round\" stroke-linejoin=\"round\"\/>\r\n\r\n<g id=\"SVGRepo_iconCarrier\"> <title>arrow_right [#349]<\/title> <desc>Created with Sketch.<\/desc> <defs> <\/defs> <g id=\"Page-1\" stroke=\"none\" stroke-width=\"1\" fill=\"none\" fill-rule=\"evenodd\"> <g id=\"Dribbble-Light-Preview\" transform=\"translate(-180.000000, -6639.000000)\" fill=\"#000000\"> <g id=\"icons\" transform=\"translate(56.000000, 160.000000)\"> <path d=\"M134,6479 L132.565,6480.393 L140.172,6488 L124,6488 L124,6490 L140.172,6490 L132.586,6497.586 L134,6499 C137.661,6495.339 140.496,6492.504 144,6489 L134,6479\" id=\"arrow_right-[#349]\"> <\/path> <\/g> <\/g> <\/g> <\/g>\r\n\r\n<\/svg>\n        \n        \n        \n            <\/div>\n    \n\n\n<\/div>\n<\/div>\n<\/div>\n\n<\/a>    <\/article>\n<\/div>\r\n<\/div>\n<\/div><\/div>\n<\/section>","protected":false},"excerpt":{"rendered":"<p>Aktuality Dom\u016f Zavolejte n\u00e1m phone +420 220 518 751 Napi\u0161te n\u00e1m sultrade@sultrade.cz Vyhledat Search for: Aktuality v t\u00e9to kategorii March 6, 2026 Kontinu\u00e1ln\u00ed pulza\u010dn\u00ed odst\u0159edivky V\u011bd\u011bli jste, \u017ee ve spole\u010dnosti Sultrade Praha s.r.o. nedod\u00e1v\u00e1me jen klasick\u00e9 d\u00e1vkov\u00e9 centrifugy? Dod\u00e1v\u00e1me tak\u00e9 kontinu\u00e1ln\u00ed tla\u010dn\u00e9 centrifugy \u2013 ide\u00e1ln\u00ed&#8230; Zobrazit v\u00edce arrow_right [#349] Created with Sketch. December 23, 2025 [&hellip;]<\/p>\n","protected":false},"author":1,"featured_media":0,"parent":0,"menu_order":0,"comment_status":"closed","ping_status":"closed","template":"","meta":{"_acf_changed":false,"_breakdance_hide_in_design_set":false,"_breakdance_tags":"","footnotes":""},"class_list":["post-32","page","type-page","status-publish","hentry"],"acf":[],"_links":{"self":[{"href":"https:\/\/sultrade.cz\/en\/wp-json\/wp\/v2\/pages\/32","targetHints":{"allow":["GET"]}}],"collection":[{"href":"https:\/\/sultrade.cz\/en\/wp-json\/wp\/v2\/pages"}],"about":[{"href":"https:\/\/sultrade.cz\/en\/wp-json\/wp\/v2\/types\/page"}],"author":[{"embeddable":true,"href":"https:\/\/sultrade.cz\/en\/wp-json\/wp\/v2\/users\/1"}],"replies":[{"embeddable":true,"href":"https:\/\/sultrade.cz\/en\/wp-json\/wp\/v2\/comments?post=32"}],"version-history":[{"count":43,"href":"https:\/\/sultrade.cz\/en\/wp-json\/wp\/v2\/pages\/32\/revisions"}],"predecessor-version":[{"id":2154,"href":"https:\/\/sultrade.cz\/en\/wp-json\/wp\/v2\/pages\/32\/revisions\/2154"}],"wp:attachment":[{"href":"https:\/\/sultrade.cz\/en\/wp-json\/wp\/v2\/media?parent=32"}],"curies":[{"name":"wp","href":"https:\/\/api.w.org\/{rel}","templated":true}]}}