{"id":1411,"date":"2026-01-07T16:28:08","date_gmt":"2026-01-07T14:28:08","guid":{"rendered":"https:\/\/www.sultrade.cz\/?page_id=1411"},"modified":"2026-03-26T22:56:00","modified_gmt":"2026-03-26T20:56:00","slug":"products","status":"publish","type":"page","link":"https:\/\/sultrade.cz\/en\/produkty\/","title":{"rendered":"Products"},"content":{"rendered":"<section class=\"bde-section-1411-100 bde-section\">\n  \n  \n\t\n\n\n\n<div class=\"section-container\"><h1 class=\"bde-heading-1411-101 bde-heading item-decoration decoration-light bottom-left-decoration top-left-decoration\">\nTypy produkt\u016f\n<\/h1><div class=\"bde-text-1411-102 bde-text breadcrumbs-link\">\n<nav aria-label=\"breadcrumbs\" class=\"rank-math-breadcrumb\"><p><span class=\"last\">Dom\u016f<\/span><\/p><\/nav>\n<\/div><\/div>\n<\/section><section class=\"bde-section-1411-103 bde-section embed-background\">\n  \n  \n\t\n\n\n\n<div class=\"section-container\"><div class=\"bde-grid-1411-105 bde-grid\">\n  \n  \n\t\n\n\n\n<a class=\"bde-container-link-1411-106 bde-container-link breakdance-link\" href=\"https:\/\/www.sultrade.cz\/produkty\/odstredivky\/\" target=\"_self\" data-type=\"url\">\n  \n  \n\t\n\n\n\n<div class=\"bde-div-1411-107 bde-div hover-cards\">\n  \n  \n\t\n\n\n\n<div class=\"bde-div-1411-108 bde-div\">\n  \n  \n\t\n\n\n\n<h3 class=\"bde-heading-1411-109 bde-heading cards-content\">\nOdst\u0159edivky\n<\/h3><div class=\"bde-fancy-divider-1411-110 bde-fancy-divider cards-divider\">\n\n\n<div class=\"bde-fancy-divider__wrapper\">\n  <div class=\"bde-fancy-divider__separator   \">\n  \t  <\/div>\n<\/div>\n\n<\/div><div class=\"bde-div-1411-111 bde-div\">\n  \n  \n\t\n\n\n\n<div class=\"bde-text-1411-112 bde-text card-link\">\nZobrazit v\u00edce\n<\/div><div class=\"bde-icon-1411-113 bde-icon global-icon-dark\">\n\n    \n            <div class=\"bde-icon-icon breakdance-icon-atom\" >\n    \n                    <svg xmlns=\"http:\/\/www.w3.org\/2000\/svg\" xmlns:xlink=\"http:\/\/www.w3.org\/1999\/xlink\" width=\"800px\" height=\"800px\" viewBox=\"0 0 20 20\" version=\"1.1\" fill=\"#000000\">\r\n\r\n<g id=\"SVGRepo_bgCarrier\" stroke-width=\"0\"\/>\r\n\r\n<g id=\"SVGRepo_tracerCarrier\" stroke-linecap=\"round\" stroke-linejoin=\"round\"\/>\r\n\r\n<g id=\"SVGRepo_iconCarrier\"> <title>arrow_right [#349]<\/title> <desc>Created with Sketch.<\/desc> <defs> <\/defs> <g id=\"Page-1\" stroke=\"none\" stroke-width=\"1\" fill=\"none\" fill-rule=\"evenodd\"> <g id=\"Dribbble-Light-Preview\" transform=\"translate(-180.000000, -6639.000000)\" fill=\"#000000\"> <g id=\"icons\" transform=\"translate(56.000000, 160.000000)\"> <path d=\"M134,6479 L132.565,6480.393 L140.172,6488 L124,6488 L124,6490 L140.172,6490 L132.586,6497.586 L134,6499 C137.661,6495.339 140.496,6492.504 144,6489 L134,6479\" id=\"arrow_right-[#349]\"> <\/path> <\/g> <\/g> <\/g> <\/g>\r\n\r\n<\/svg>\n        \n        \n        \n            <\/div>\n    \n\n\n<\/div>\n<\/div>\n<\/div>\n<\/div>\n\n<\/a><a class=\"bde-container-link-1411-114 bde-container-link breakdance-link\" href=\"https:\/\/www.sultrade.cz\/produkty\/kompresory-a-diagnostika\/\" target=\"_self\" data-type=\"url\">\n  \n  \n\t\n\n\n\n<div class=\"bde-div-1411-115 bde-div hover-cards\">\n  \n  \n\t\n\n\n\n<div class=\"bde-div-1411-116 bde-div\">\n  \n  \n\t\n\n\n\n<h3 class=\"bde-heading-1411-117 bde-heading cards-content\">\nKompresory a&nbsp;diagnostika (prognost)\n<\/h3><div class=\"bde-fancy-divider-1411-118 bde-fancy-divider cards-divider\">\n\n\n<div class=\"bde-fancy-divider__wrapper\">\n  <div class=\"bde-fancy-divider__separator   \">\n  \t  <\/div>\n<\/div>\n\n<\/div><div class=\"bde-div-1411-119 bde-div\">\n  \n  \n\t\n\n\n\n<div class=\"bde-text-1411-120 bde-text card-link\">\nZobrazit v\u00edce\n<\/div><div class=\"bde-icon-1411-121 bde-icon global-icon-dark\">\n\n    \n            <div class=\"bde-icon-icon breakdance-icon-atom\" >\n    \n                    <svg xmlns=\"http:\/\/www.w3.org\/2000\/svg\" xmlns:xlink=\"http:\/\/www.w3.org\/1999\/xlink\" width=\"800px\" height=\"800px\" viewBox=\"0 0 20 20\" version=\"1.1\" fill=\"#000000\">\r\n\r\n<g id=\"SVGRepo_bgCarrier\" stroke-width=\"0\"\/>\r\n\r\n<g id=\"SVGRepo_tracerCarrier\" stroke-linecap=\"round\" stroke-linejoin=\"round\"\/>\r\n\r\n<g id=\"SVGRepo_iconCarrier\"> <title>arrow_right [#349]<\/title> <desc>Created with Sketch.<\/desc> <defs> <\/defs> <g id=\"Page-1\" stroke=\"none\" stroke-width=\"1\" fill=\"none\" fill-rule=\"evenodd\"> <g id=\"Dribbble-Light-Preview\" transform=\"translate(-180.000000, -6639.000000)\" fill=\"#000000\"> <g id=\"icons\" transform=\"translate(56.000000, 160.000000)\"> <path d=\"M134,6479 L132.565,6480.393 L140.172,6488 L124,6488 L124,6490 L140.172,6490 L132.586,6497.586 L134,6499 C137.661,6495.339 140.496,6492.504 144,6489 L134,6479\" id=\"arrow_right-[#349]\"> <\/path> <\/g> <\/g> <\/g> <\/g>\r\n\r\n<\/svg>\n        \n        \n        \n            <\/div>\n    \n\n\n<\/div>\n<\/div>\n<\/div>\n<\/div>\n\n<\/a><a class=\"bde-container-link-1411-122 bde-container-link breakdance-link\" href=\"https:\/\/www.sultrade.cz\/produkty\/prumyslove-chlazeni-a-tepelne-vymeniky\/\" target=\"_self\" data-type=\"url\">\n  \n  \n\t\n\n\n\n<div class=\"bde-div-1411-123 bde-div hover-cards\">\n  \n  \n\t\n\n\n\n<div class=\"bde-div-1411-124 bde-div\">\n  \n  \n\t\n\n\n\n<h3 class=\"bde-heading-1411-125 bde-heading cards-content\">\nPr\u016fmyslov\u00e9 chlazen\u00ed a tepeln\u00e1 \u010derpadla\n<\/h3><div class=\"bde-fancy-divider-1411-126 bde-fancy-divider cards-divider\">\n\n\n<div class=\"bde-fancy-divider__wrapper\">\n  <div class=\"bde-fancy-divider__separator   \">\n  \t  <\/div>\n<\/div>\n\n<\/div><div class=\"bde-div-1411-127 bde-div\">\n  \n  \n\t\n\n\n\n<div class=\"bde-text-1411-128 bde-text card-link\">\nZobrazit v\u00edce\n<\/div><div class=\"bde-icon-1411-129 bde-icon global-icon-dark\">\n\n    \n            <div class=\"bde-icon-icon breakdance-icon-atom\" >\n    \n                    <svg xmlns=\"http:\/\/www.w3.org\/2000\/svg\" xmlns:xlink=\"http:\/\/www.w3.org\/1999\/xlink\" width=\"800px\" height=\"800px\" viewBox=\"0 0 20 20\" version=\"1.1\" fill=\"#000000\">\r\n\r\n<g id=\"SVGRepo_bgCarrier\" stroke-width=\"0\"\/>\r\n\r\n<g id=\"SVGRepo_tracerCarrier\" stroke-linecap=\"round\" stroke-linejoin=\"round\"\/>\r\n\r\n<g id=\"SVGRepo_iconCarrier\"> <title>arrow_right [#349]<\/title> <desc>Created with Sketch.<\/desc> <defs> <\/defs> <g id=\"Page-1\" stroke=\"none\" stroke-width=\"1\" fill=\"none\" fill-rule=\"evenodd\"> <g id=\"Dribbble-Light-Preview\" transform=\"translate(-180.000000, -6639.000000)\" fill=\"#000000\"> <g id=\"icons\" transform=\"translate(56.000000, 160.000000)\"> <path d=\"M134,6479 L132.565,6480.393 L140.172,6488 L124,6488 L124,6490 L140.172,6490 L132.586,6497.586 L134,6499 C137.661,6495.339 140.496,6492.504 144,6489 L134,6479\" id=\"arrow_right-[#349]\"> <\/path> <\/g> <\/g> <\/g> <\/g>\r\n\r\n<\/svg>\n        \n        \n        \n            <\/div>\n    \n\n\n<\/div>\n<\/div>\n<\/div>\n<\/div>\n\n<\/a><a class=\"bde-container-link-1411-130 bde-container-link breakdance-link\" href=\"https:\/\/www.sultrade.cz\/produkt\/staticke-smesovace\/\" target=\"_self\" data-type=\"url\">\n  \n  \n\t\n\n\n\n<div class=\"bde-div-1411-131 bde-div hover-cards\">\n  \n  \n\t\n\n\n\n<div class=\"bde-div-1411-132 bde-div\">\n  \n  \n\t\n\n\n\n<h3 class=\"bde-heading-1411-133 bde-heading cards-content\">\nStatick\u00e9 sm\u011b\u0161ova\u010de\n<\/h3><div class=\"bde-fancy-divider-1411-134 bde-fancy-divider cards-divider\">\n\n\n<div class=\"bde-fancy-divider__wrapper\">\n  <div class=\"bde-fancy-divider__separator   \">\n  \t  <\/div>\n<\/div>\n\n<\/div><div class=\"bde-div-1411-135 bde-div\">\n  \n  \n\t\n\n\n\n<div class=\"bde-text-1411-136 bde-text card-link\">\nZobrazit v\u00edce\n<\/div><div class=\"bde-icon-1411-137 bde-icon global-icon-dark\">\n\n    \n            <div class=\"bde-icon-icon breakdance-icon-atom\" >\n    \n                    <svg xmlns=\"http:\/\/www.w3.org\/2000\/svg\" xmlns:xlink=\"http:\/\/www.w3.org\/1999\/xlink\" width=\"800px\" height=\"800px\" viewBox=\"0 0 20 20\" version=\"1.1\" fill=\"#000000\">\r\n\r\n<g id=\"SVGRepo_bgCarrier\" stroke-width=\"0\"\/>\r\n\r\n<g id=\"SVGRepo_tracerCarrier\" stroke-linecap=\"round\" stroke-linejoin=\"round\"\/>\r\n\r\n<g id=\"SVGRepo_iconCarrier\"> <title>arrow_right [#349]<\/title> <desc>Created with Sketch.<\/desc> <defs> <\/defs> <g id=\"Page-1\" stroke=\"none\" stroke-width=\"1\" fill=\"none\" fill-rule=\"evenodd\"> <g id=\"Dribbble-Light-Preview\" transform=\"translate(-180.000000, -6639.000000)\" fill=\"#000000\"> <g id=\"icons\" transform=\"translate(56.000000, 160.000000)\"> <path d=\"M134,6479 L132.565,6480.393 L140.172,6488 L124,6488 L124,6490 L140.172,6490 L132.586,6497.586 L134,6499 C137.661,6495.339 140.496,6492.504 144,6489 L134,6479\" id=\"arrow_right-[#349]\"> <\/path> <\/g> <\/g> <\/g> <\/g>\r\n\r\n<\/svg>\n        \n        \n        \n            <\/div>\n    \n\n\n<\/div>\n<\/div>\n<\/div>\n<\/div>\n\n<\/a><a class=\"bde-container-link-1411-138 bde-container-link breakdance-link\" href=\"https:\/\/www.sultrade.cz\/produkt\/tepelne-vymeniky\/\" target=\"_self\" data-type=\"url\">\n  \n  \n\t\n\n\n\n<div class=\"bde-div-1411-139 bde-div hover-cards\">\n  \n  \n\t\n\n\n\n<div class=\"bde-div-1411-140 bde-div\">\n  \n  \n\t\n\n\n\n<h3 class=\"bde-heading-1411-141 bde-heading cards-content\">\nTepeln\u00e9 v\u00fdm\u011bn\u00edky\n<\/h3><div class=\"bde-fancy-divider-1411-142 bde-fancy-divider cards-divider\">\n\n\n<div class=\"bde-fancy-divider__wrapper\">\n  <div class=\"bde-fancy-divider__separator   \">\n  \t  <\/div>\n<\/div>\n\n<\/div><div class=\"bde-div-1411-143 bde-div\">\n  \n  \n\t\n\n\n\n<div class=\"bde-text-1411-144 bde-text card-link\">\nZobrazit v\u00edce\n<\/div><div class=\"bde-icon-1411-145 bde-icon global-icon-dark\">\n\n    \n            <div class=\"bde-icon-icon breakdance-icon-atom\" >\n    \n                    <svg xmlns=\"http:\/\/www.w3.org\/2000\/svg\" xmlns:xlink=\"http:\/\/www.w3.org\/1999\/xlink\" width=\"800px\" height=\"800px\" viewBox=\"0 0 20 20\" version=\"1.1\" fill=\"#000000\">\r\n\r\n<g id=\"SVGRepo_bgCarrier\" stroke-width=\"0\"\/>\r\n\r\n<g id=\"SVGRepo_tracerCarrier\" stroke-linecap=\"round\" stroke-linejoin=\"round\"\/>\r\n\r\n<g id=\"SVGRepo_iconCarrier\"> <title>arrow_right [#349]<\/title> <desc>Created with Sketch.<\/desc> <defs> <\/defs> <g id=\"Page-1\" stroke=\"none\" stroke-width=\"1\" fill=\"none\" fill-rule=\"evenodd\"> <g id=\"Dribbble-Light-Preview\" transform=\"translate(-180.000000, -6639.000000)\" fill=\"#000000\"> <g id=\"icons\" transform=\"translate(56.000000, 160.000000)\"> <path d=\"M134,6479 L132.565,6480.393 L140.172,6488 L124,6488 L124,6490 L140.172,6490 L132.586,6497.586 L134,6499 C137.661,6495.339 140.496,6492.504 144,6489 L134,6479\" id=\"arrow_right-[#349]\"> <\/path> <\/g> <\/g> <\/g> <\/g>\r\n\r\n<\/svg>\n        \n        \n        \n            <\/div>\n    \n\n\n<\/div>\n<\/div>\n<\/div>\n<\/div>\n\n<\/a><a class=\"bde-container-link-1411-146 bde-container-link breakdance-link\" href=\"https:\/\/www.sultrade.cz\/produkty\/vestavby-do-kolon\/\" target=\"_self\" data-type=\"url\">\n  \n  \n\t\n\n\n\n<div class=\"bde-div-1411-147 bde-div hover-cards\">\n  \n  \n\t\n\n\n\n<div class=\"bde-div-1411-148 bde-div\">\n  \n  \n\t\n\n\n\n<h3 class=\"bde-heading-1411-149 bde-heading cards-content\">\nVestavby do kolon\n<\/h3><div class=\"bde-fancy-divider-1411-150 bde-fancy-divider cards-divider\">\n\n\n<div class=\"bde-fancy-divider__wrapper\">\n  <div class=\"bde-fancy-divider__separator   \">\n  \t  <\/div>\n<\/div>\n\n<\/div><div class=\"bde-div-1411-151 bde-div\">\n  \n  \n\t\n\n\n\n<div class=\"bde-text-1411-152 bde-text card-link\">\nZobrazit v\u00edce\n<\/div><div class=\"bde-icon-1411-153 bde-icon global-icon-dark\">\n\n    \n            <div class=\"bde-icon-icon breakdance-icon-atom\" >\n    \n                    <svg xmlns=\"http:\/\/www.w3.org\/2000\/svg\" xmlns:xlink=\"http:\/\/www.w3.org\/1999\/xlink\" width=\"800px\" height=\"800px\" viewBox=\"0 0 20 20\" version=\"1.1\" fill=\"#000000\">\r\n\r\n<g id=\"SVGRepo_bgCarrier\" stroke-width=\"0\"\/>\r\n\r\n<g id=\"SVGRepo_tracerCarrier\" stroke-linecap=\"round\" stroke-linejoin=\"round\"\/>\r\n\r\n<g id=\"SVGRepo_iconCarrier\"> <title>arrow_right [#349]<\/title> <desc>Created with Sketch.<\/desc> <defs> <\/defs> <g id=\"Page-1\" stroke=\"none\" stroke-width=\"1\" fill=\"none\" fill-rule=\"evenodd\"> <g id=\"Dribbble-Light-Preview\" transform=\"translate(-180.000000, -6639.000000)\" fill=\"#000000\"> <g id=\"icons\" transform=\"translate(56.000000, 160.000000)\"> <path d=\"M134,6479 L132.565,6480.393 L140.172,6488 L124,6488 L124,6490 L140.172,6490 L132.586,6497.586 L134,6499 C137.661,6495.339 140.496,6492.504 144,6489 L134,6479\" id=\"arrow_right-[#349]\"> <\/path> <\/g> <\/g> <\/g> <\/g>\r\n\r\n<\/svg>\n        \n        \n        \n            <\/div>\n    \n\n\n<\/div>\n<\/div>\n<\/div>\n<\/div>\n\n<\/a><a class=\"bde-container-link-1411-154 bde-container-link breakdance-link\" href=\"https:\/\/www.sultrade.cz\/produkt\/separatory\/\" target=\"_self\" data-type=\"url\">\n  \n  \n\t\n\n\n\n<div class=\"bde-div-1411-155 bde-div hover-cards\">\n  \n  \n\t\n\n\n\n<div class=\"bde-div-1411-156 bde-div\">\n  \n  \n\t\n\n\n\n<h3 class=\"bde-heading-1411-157 bde-heading cards-content\">\nSepar\u00e1tory\n<\/h3><div class=\"bde-fancy-divider-1411-158 bde-fancy-divider cards-divider\">\n\n\n<div class=\"bde-fancy-divider__wrapper\">\n  <div class=\"bde-fancy-divider__separator   \">\n  \t  <\/div>\n<\/div>\n\n<\/div><div class=\"bde-div-1411-159 bde-div\">\n  \n  \n\t\n\n\n\n<div class=\"bde-text-1411-160 bde-text card-link\">\nZobrazit v\u00edce\n<\/div><div class=\"bde-icon-1411-161 bde-icon global-icon-dark\">\n\n    \n            <div class=\"bde-icon-icon breakdance-icon-atom\" >\n    \n                    <svg xmlns=\"http:\/\/www.w3.org\/2000\/svg\" xmlns:xlink=\"http:\/\/www.w3.org\/1999\/xlink\" width=\"800px\" height=\"800px\" viewBox=\"0 0 20 20\" version=\"1.1\" fill=\"#000000\">\r\n\r\n<g id=\"SVGRepo_bgCarrier\" stroke-width=\"0\"\/>\r\n\r\n<g id=\"SVGRepo_tracerCarrier\" stroke-linecap=\"round\" stroke-linejoin=\"round\"\/>\r\n\r\n<g id=\"SVGRepo_iconCarrier\"> <title>arrow_right [#349]<\/title> <desc>Created with Sketch.<\/desc> <defs> <\/defs> <g id=\"Page-1\" stroke=\"none\" stroke-width=\"1\" fill=\"none\" fill-rule=\"evenodd\"> <g id=\"Dribbble-Light-Preview\" transform=\"translate(-180.000000, -6639.000000)\" fill=\"#000000\"> <g id=\"icons\" transform=\"translate(56.000000, 160.000000)\"> <path d=\"M134,6479 L132.565,6480.393 L140.172,6488 L124,6488 L124,6490 L140.172,6490 L132.586,6497.586 L134,6499 C137.661,6495.339 140.496,6492.504 144,6489 L134,6479\" id=\"arrow_right-[#349]\"> <\/path> <\/g> <\/g> <\/g> <\/g>\r\n\r\n<\/svg>\n        \n        \n        \n            <\/div>\n    \n\n\n<\/div>\n<\/div>\n<\/div>\n<\/div>\n\n<\/a>\n<\/div><\/div>\n<\/section>","protected":false},"excerpt":{"rendered":"<p>Typy produkt\u016f Dom\u016f Odst\u0159edivky Zobrazit v\u00edce arrow_right [#349] Created with Sketch. Kompresory a&nbsp;diagnostika (prognost) Zobrazit v\u00edce arrow_right [#349] Created with Sketch. Pr\u016fmyslov\u00e9 chlazen\u00ed a tepeln\u00e1 \u010derpadla Zobrazit v\u00edce arrow_right [#349] Created with Sketch. Statick\u00e9 sm\u011b\u0161ova\u010de Zobrazit v\u00edce arrow_right [#349] Created with Sketch. Tepeln\u00e9 v\u00fdm\u011bn\u00edky Zobrazit v\u00edce arrow_right [#349] Created with Sketch. Vestavby do kolon Zobrazit [&hellip;]<\/p>\n","protected":false},"author":1,"featured_media":0,"parent":0,"menu_order":0,"comment_status":"closed","ping_status":"closed","template":"","meta":{"_acf_changed":false,"_breakdance_hide_in_design_set":false,"_breakdance_tags":"","footnotes":""},"class_list":["post-1411","page","type-page","status-publish","hentry"],"acf":[],"_links":{"self":[{"href":"https:\/\/sultrade.cz\/en\/wp-json\/wp\/v2\/pages\/1411","targetHints":{"allow":["GET"]}}],"collection":[{"href":"https:\/\/sultrade.cz\/en\/wp-json\/wp\/v2\/pages"}],"about":[{"href":"https:\/\/sultrade.cz\/en\/wp-json\/wp\/v2\/types\/page"}],"author":[{"embeddable":true,"href":"https:\/\/sultrade.cz\/en\/wp-json\/wp\/v2\/users\/1"}],"replies":[{"embeddable":true,"href":"https:\/\/sultrade.cz\/en\/wp-json\/wp\/v2\/comments?post=1411"}],"version-history":[{"count":23,"href":"https:\/\/sultrade.cz\/en\/wp-json\/wp\/v2\/pages\/1411\/revisions"}],"predecessor-version":[{"id":2430,"href":"https:\/\/sultrade.cz\/en\/wp-json\/wp\/v2\/pages\/1411\/revisions\/2430"}],"wp:attachment":[{"href":"https:\/\/sultrade.cz\/en\/wp-json\/wp\/v2\/media?parent=1411"}],"curies":[{"name":"wp","href":"https:\/\/api.w.org\/{rel}","templated":true}]}}