{"id":1336,"date":"2025-12-31T22:48:57","date_gmt":"2025-12-31T20:48:57","guid":{"rendered":"https:\/\/www.sultrade.cz\/?page_id=1336"},"modified":"2026-02-03T14:26:44","modified_gmt":"2026-02-03T12:26:44","slug":"ke-stazeni","status":"publish","type":"page","link":"https:\/\/sultrade.cz\/en\/ke-stazeni\/","title":{"rendered":"Download"},"content":{"rendered":"<section class=\"bde-section-1336-100 bde-section\">\n  \n  \n\t\n\n\n\n<div class=\"section-container\"><h1 class=\"bde-heading-1336-101 bde-heading item-decoration decoration-light top-left-decoration bottom-left-decoration\">\nDocuments to download\n<\/h1><div class=\"bde-text-1336-102 bde-text breadcrumbs-link\">\n<nav aria-label=\"breadcrumbs\" class=\"rank-math-breadcrumb\"><p><span class=\"last\">Home<\/span><\/p><\/nav>\n<\/div><\/div>\n<\/section><section class=\"bde-section-1336-103 bde-section embed-background\">\n  \n  \n\t\n\n\n\n<div class=\"section-container\"><div class=\"bde-div-1336-120 bde-div\">\n  \n  \n\t\n\n\n\n<div class=\"bde-icon-list-1336-135 bde-icon-list\">\n<ul>\n  \n              \n    <li>\n                      \n            \n            \n\n    \n    \n    \n    \n    \n    <a class=\"breakdance-link bde-icon-list__item-wrapper\" href=\"https:\/\/www.sultrade.cz\/wp-content\/uploads\/odp-sultrade-zbozi-pro-prodej-r2_vk.pdf\" target=\"_blank\" data-type=\"url\"  >\n\n      \n      <span class='bde-icon-list__icon'>\n        <svg xmlns=\"http:\/\/www.w3.org\/2000\/svg\" xmlns:xlink=\"http:\/\/www.w3.org\/1999\/xlink\" width=\"800px\" height=\"800px\" viewbox=\"0 0 512 512\" version=\"1.1\">\r\n    <title>pdf-document<\/title>\r\n    <g id=\"Page-1\" stroke=\"none\" stroke-width=\"1\" fill=\"none\" fill-rule=\"evenodd\">\r\n        <g id=\"add\" fill=\"#000000\" transform=\"translate(85.333333, 42.666667)\">\r\n            <path d=\"M75.9466667,285.653333 C63.8764997,278.292415 49.6246897,275.351565 35.6266667,277.333333 L1.42108547e-14,277.333333 L1.42108547e-14,405.333333 L28.3733333,405.333333 L28.3733333,356.48 L40.5333333,356.48 C53.1304778,357.774244 65.7885986,354.68506 76.3733333,347.733333 C85.3576891,340.027178 90.3112817,328.626053 89.8133333,316.8 C90.4784904,304.790173 85.3164923,293.195531 75.9466667,285.653333 L75.9466667,285.653333 Z M53.12,332.373333 C47.7608867,334.732281 41.8687051,335.616108 36.0533333,334.933333 L27.7333333,334.933333 L27.7333333,298.666667 L36.0533333,298.666667 C42.094796,298.02451 48.1897668,299.213772 53.5466667,302.08 C58.5355805,305.554646 61.3626692,311.370371 61.0133333,317.44 C61.6596233,323.558965 58.5400493,329.460862 53.12,332.373333 L53.12,332.373333 Z M150.826667,277.333333 L115.413333,277.333333 L115.413333,405.333333 L149.333333,405.333333 C166.620091,407.02483 184.027709,403.691457 199.466667,395.733333 C216.454713,383.072462 225.530463,362.408923 223.36,341.333333 C224.631644,323.277677 218.198313,305.527884 205.653333,292.48 C190.157107,280.265923 170.395302,274.806436 150.826667,277.333333 L150.826667,277.333333 Z M178.986667,376.32 C170.098963,381.315719 159.922142,383.54422 149.76,382.72 L144.213333,382.72 L144.213333,299.946667 L149.333333,299.946667 C167.253333,299.946667 174.293333,301.653333 181.333333,308.053333 C189.877212,316.948755 194.28973,329.025119 193.493333,341.333333 C194.590843,354.653818 189.18793,367.684372 178.986667,376.32 L178.986667,376.32 Z M254.506667,405.333333 L283.306667,405.333333 L283.306667,351.786667 L341.333333,351.786667 L341.333333,329.173333 L283.306667,329.173333 L283.306667,299.946667 L341.333333,299.946667 L341.333333,277.333333 L254.506667,277.333333 L254.506667,405.333333 L254.506667,405.333333 Z M234.666667,7.10542736e-15 L9.52127266e-13,7.10542736e-15 L9.52127266e-13,234.666667 L42.6666667,234.666667 L42.6666667,192 L42.6666667,169.6 L42.6666667,42.6666667 L216.96,42.6666667 L298.666667,124.373333 L298.666667,169.6 L298.666667,192 L298.666667,234.666667 L341.333333,234.666667 L341.333333,106.666667 L234.666667,7.10542736e-15 L234.666667,7.10542736e-15 Z\" id=\"document-pdf\">\r\n\r\n<\/path>\r\n        <\/g>\r\n    <\/g>\r\n<\/svg>\n      <\/span>\n      <span class='bde-icon-list__text' >\n      ODP - Sale of goods (Sultrade Praha spol. s r.o. is the seller)\n      <\/span>\n                  <\/a>\n\n      \n    <\/li>\n\n  \n              \n    <li>\n                      \n            \n            \n\n    \n    \n    \n    \n    \n    <a class=\"breakdance-link bde-icon-list__item-wrapper\" href=\"https:\/\/www.sultrade.cz\/wp-content\/uploads\/odp-sultrade-dilo-pro-prodej-r2_vk.pdf\" target=\"_blank\" data-type=\"url\"  >\n\n      \n      <span class='bde-icon-list__icon'>\n        <svg xmlns=\"http:\/\/www.w3.org\/2000\/svg\" xmlns:xlink=\"http:\/\/www.w3.org\/1999\/xlink\" width=\"800px\" height=\"800px\" viewbox=\"0 0 512 512\" version=\"1.1\">\r\n    <title>pdf-document<\/title>\r\n    <g id=\"Page-1\" stroke=\"none\" stroke-width=\"1\" fill=\"none\" fill-rule=\"evenodd\">\r\n        <g id=\"add\" fill=\"#000000\" transform=\"translate(85.333333, 42.666667)\">\r\n            <path d=\"M75.9466667,285.653333 C63.8764997,278.292415 49.6246897,275.351565 35.6266667,277.333333 L1.42108547e-14,277.333333 L1.42108547e-14,405.333333 L28.3733333,405.333333 L28.3733333,356.48 L40.5333333,356.48 C53.1304778,357.774244 65.7885986,354.68506 76.3733333,347.733333 C85.3576891,340.027178 90.3112817,328.626053 89.8133333,316.8 C90.4784904,304.790173 85.3164923,293.195531 75.9466667,285.653333 L75.9466667,285.653333 Z M53.12,332.373333 C47.7608867,334.732281 41.8687051,335.616108 36.0533333,334.933333 L27.7333333,334.933333 L27.7333333,298.666667 L36.0533333,298.666667 C42.094796,298.02451 48.1897668,299.213772 53.5466667,302.08 C58.5355805,305.554646 61.3626692,311.370371 61.0133333,317.44 C61.6596233,323.558965 58.5400493,329.460862 53.12,332.373333 L53.12,332.373333 Z M150.826667,277.333333 L115.413333,277.333333 L115.413333,405.333333 L149.333333,405.333333 C166.620091,407.02483 184.027709,403.691457 199.466667,395.733333 C216.454713,383.072462 225.530463,362.408923 223.36,341.333333 C224.631644,323.277677 218.198313,305.527884 205.653333,292.48 C190.157107,280.265923 170.395302,274.806436 150.826667,277.333333 L150.826667,277.333333 Z M178.986667,376.32 C170.098963,381.315719 159.922142,383.54422 149.76,382.72 L144.213333,382.72 L144.213333,299.946667 L149.333333,299.946667 C167.253333,299.946667 174.293333,301.653333 181.333333,308.053333 C189.877212,316.948755 194.28973,329.025119 193.493333,341.333333 C194.590843,354.653818 189.18793,367.684372 178.986667,376.32 L178.986667,376.32 Z M254.506667,405.333333 L283.306667,405.333333 L283.306667,351.786667 L341.333333,351.786667 L341.333333,329.173333 L283.306667,329.173333 L283.306667,299.946667 L341.333333,299.946667 L341.333333,277.333333 L254.506667,277.333333 L254.506667,405.333333 L254.506667,405.333333 Z M234.666667,7.10542736e-15 L9.52127266e-13,7.10542736e-15 L9.52127266e-13,234.666667 L42.6666667,234.666667 L42.6666667,192 L42.6666667,169.6 L42.6666667,42.6666667 L216.96,42.6666667 L298.666667,124.373333 L298.666667,169.6 L298.666667,192 L298.666667,234.666667 L341.333333,234.666667 L341.333333,106.666667 L234.666667,7.10542736e-15 L234.666667,7.10542736e-15 Z\" id=\"document-pdf\">\r\n\r\n<\/path>\r\n        <\/g>\r\n    <\/g>\r\n<\/svg>\n      <\/span>\n      <span class='bde-icon-list__text' >\n      ODP - Sale of work (Sultrade Praha spol. s r.o. is the contractor)\n      <\/span>\n                  <\/a>\n\n      \n    <\/li>\n\n  \n              \n    <li>\n                      \n            \n            \n\n    \n    \n    \n    \n    \n    <a class=\"breakdance-link bde-icon-list__item-wrapper\" href=\"https:\/\/www.sultrade.cz\/wp-content\/uploads\/odp-sultrade-zbozi-pro-nakup-r1_jk.pdf\" target=\"_blank\" data-type=\"url\"  >\n\n      \n      <span class='bde-icon-list__icon'>\n        <svg xmlns=\"http:\/\/www.w3.org\/2000\/svg\" xmlns:xlink=\"http:\/\/www.w3.org\/1999\/xlink\" width=\"800px\" height=\"800px\" viewbox=\"0 0 512 512\" version=\"1.1\">\r\n    <title>pdf-document<\/title>\r\n    <g id=\"Page-1\" stroke=\"none\" stroke-width=\"1\" fill=\"none\" fill-rule=\"evenodd\">\r\n        <g id=\"add\" fill=\"#000000\" transform=\"translate(85.333333, 42.666667)\">\r\n            <path d=\"M75.9466667,285.653333 C63.8764997,278.292415 49.6246897,275.351565 35.6266667,277.333333 L1.42108547e-14,277.333333 L1.42108547e-14,405.333333 L28.3733333,405.333333 L28.3733333,356.48 L40.5333333,356.48 C53.1304778,357.774244 65.7885986,354.68506 76.3733333,347.733333 C85.3576891,340.027178 90.3112817,328.626053 89.8133333,316.8 C90.4784904,304.790173 85.3164923,293.195531 75.9466667,285.653333 L75.9466667,285.653333 Z M53.12,332.373333 C47.7608867,334.732281 41.8687051,335.616108 36.0533333,334.933333 L27.7333333,334.933333 L27.7333333,298.666667 L36.0533333,298.666667 C42.094796,298.02451 48.1897668,299.213772 53.5466667,302.08 C58.5355805,305.554646 61.3626692,311.370371 61.0133333,317.44 C61.6596233,323.558965 58.5400493,329.460862 53.12,332.373333 L53.12,332.373333 Z M150.826667,277.333333 L115.413333,277.333333 L115.413333,405.333333 L149.333333,405.333333 C166.620091,407.02483 184.027709,403.691457 199.466667,395.733333 C216.454713,383.072462 225.530463,362.408923 223.36,341.333333 C224.631644,323.277677 218.198313,305.527884 205.653333,292.48 C190.157107,280.265923 170.395302,274.806436 150.826667,277.333333 L150.826667,277.333333 Z M178.986667,376.32 C170.098963,381.315719 159.922142,383.54422 149.76,382.72 L144.213333,382.72 L144.213333,299.946667 L149.333333,299.946667 C167.253333,299.946667 174.293333,301.653333 181.333333,308.053333 C189.877212,316.948755 194.28973,329.025119 193.493333,341.333333 C194.590843,354.653818 189.18793,367.684372 178.986667,376.32 L178.986667,376.32 Z M254.506667,405.333333 L283.306667,405.333333 L283.306667,351.786667 L341.333333,351.786667 L341.333333,329.173333 L283.306667,329.173333 L283.306667,299.946667 L341.333333,299.946667 L341.333333,277.333333 L254.506667,277.333333 L254.506667,405.333333 L254.506667,405.333333 Z M234.666667,7.10542736e-15 L9.52127266e-13,7.10542736e-15 L9.52127266e-13,234.666667 L42.6666667,234.666667 L42.6666667,192 L42.6666667,169.6 L42.6666667,42.6666667 L216.96,42.6666667 L298.666667,124.373333 L298.666667,169.6 L298.666667,192 L298.666667,234.666667 L341.333333,234.666667 L341.333333,106.666667 L234.666667,7.10542736e-15 L234.666667,7.10542736e-15 Z\" id=\"document-pdf\">\r\n\r\n<\/path>\r\n        <\/g>\r\n    <\/g>\r\n<\/svg>\n      <\/span>\n      <span class='bde-icon-list__text' >\n      ONP - Purchase of goods (Sultrade Praha spol. s r.o. is the buyer)\n      <\/span>\n                  <\/a>\n\n      \n    <\/li>\n\n  \n              \n    <li>\n                      \n            \n            \n\n    \n    \n    \n    \n    \n    <a class=\"breakdance-link bde-icon-list__item-wrapper\" href=\"https:\/\/www.sultrade.cz\/wp-content\/uploads\/odp-sultrade-dilo-pro-nakup-r1_jk.pdf\" target=\"_blank\" data-type=\"url\"  >\n\n      \n      <span class='bde-icon-list__icon'>\n        <svg xmlns=\"http:\/\/www.w3.org\/2000\/svg\" xmlns:xlink=\"http:\/\/www.w3.org\/1999\/xlink\" width=\"800px\" height=\"800px\" viewbox=\"0 0 512 512\" version=\"1.1\">\r\n    <title>pdf-document<\/title>\r\n    <g id=\"Page-1\" stroke=\"none\" stroke-width=\"1\" fill=\"none\" fill-rule=\"evenodd\">\r\n        <g id=\"add\" fill=\"#000000\" transform=\"translate(85.333333, 42.666667)\">\r\n            <path d=\"M75.9466667,285.653333 C63.8764997,278.292415 49.6246897,275.351565 35.6266667,277.333333 L1.42108547e-14,277.333333 L1.42108547e-14,405.333333 L28.3733333,405.333333 L28.3733333,356.48 L40.5333333,356.48 C53.1304778,357.774244 65.7885986,354.68506 76.3733333,347.733333 C85.3576891,340.027178 90.3112817,328.626053 89.8133333,316.8 C90.4784904,304.790173 85.3164923,293.195531 75.9466667,285.653333 L75.9466667,285.653333 Z M53.12,332.373333 C47.7608867,334.732281 41.8687051,335.616108 36.0533333,334.933333 L27.7333333,334.933333 L27.7333333,298.666667 L36.0533333,298.666667 C42.094796,298.02451 48.1897668,299.213772 53.5466667,302.08 C58.5355805,305.554646 61.3626692,311.370371 61.0133333,317.44 C61.6596233,323.558965 58.5400493,329.460862 53.12,332.373333 L53.12,332.373333 Z M150.826667,277.333333 L115.413333,277.333333 L115.413333,405.333333 L149.333333,405.333333 C166.620091,407.02483 184.027709,403.691457 199.466667,395.733333 C216.454713,383.072462 225.530463,362.408923 223.36,341.333333 C224.631644,323.277677 218.198313,305.527884 205.653333,292.48 C190.157107,280.265923 170.395302,274.806436 150.826667,277.333333 L150.826667,277.333333 Z M178.986667,376.32 C170.098963,381.315719 159.922142,383.54422 149.76,382.72 L144.213333,382.72 L144.213333,299.946667 L149.333333,299.946667 C167.253333,299.946667 174.293333,301.653333 181.333333,308.053333 C189.877212,316.948755 194.28973,329.025119 193.493333,341.333333 C194.590843,354.653818 189.18793,367.684372 178.986667,376.32 L178.986667,376.32 Z M254.506667,405.333333 L283.306667,405.333333 L283.306667,351.786667 L341.333333,351.786667 L341.333333,329.173333 L283.306667,329.173333 L283.306667,299.946667 L341.333333,299.946667 L341.333333,277.333333 L254.506667,277.333333 L254.506667,405.333333 L254.506667,405.333333 Z M234.666667,7.10542736e-15 L9.52127266e-13,7.10542736e-15 L9.52127266e-13,234.666667 L42.6666667,234.666667 L42.6666667,192 L42.6666667,169.6 L42.6666667,42.6666667 L216.96,42.6666667 L298.666667,124.373333 L298.666667,169.6 L298.666667,192 L298.666667,234.666667 L341.333333,234.666667 L341.333333,106.666667 L234.666667,7.10542736e-15 L234.666667,7.10542736e-15 Z\" id=\"document-pdf\">\r\n\r\n<\/path>\r\n        <\/g>\r\n    <\/g>\r\n<\/svg>\n      <\/span>\n      <span class='bde-icon-list__text' >\n      ONP - Purchase of work (Sultrade Praha spol. s r.o. is the client)\n      <\/span>\n                  <\/a>\n\n      \n    <\/li>\n\n  <\/ul>\n\n<\/div>\n<\/div><\/div>\n<\/section>","protected":false},"excerpt":{"rendered":"<p>Dokumenty ke sta\u017een\u00ed Dom\u016f pdf-document ODP \u2013 Prodej zbo\u017e\u00ed (Sultrade Praha spol. s r.o. je prod\u00e1vaj\u00edc\u00edm) pdf-document ODP \u2013 Prodej d\u00edla (Sultrade Praha spol. s r.o. je zhotovitelem) pdf-document ONP \u2013 N\u00e1kup zbo\u017e\u00ed (Sultrade Praha spol. s r.o. je kupuj\u00edc\u00edm) pdf-document ONP \u2013 N\u00e1kup d\u00edla (Sultrade Praha spol. s r.o. je objednatelem)<\/p>","protected":false},"author":1,"featured_media":0,"parent":0,"menu_order":0,"comment_status":"closed","ping_status":"closed","template":"","meta":{"_acf_changed":false,"_breakdance_hide_in_design_set":false,"_breakdance_tags":"","footnotes":""},"class_list":["post-1336","page","type-page","status-publish","hentry"],"acf":[],"_links":{"self":[{"href":"https:\/\/sultrade.cz\/en\/wp-json\/wp\/v2\/pages\/1336","targetHints":{"allow":["GET"]}}],"collection":[{"href":"https:\/\/sultrade.cz\/en\/wp-json\/wp\/v2\/pages"}],"about":[{"href":"https:\/\/sultrade.cz\/en\/wp-json\/wp\/v2\/types\/page"}],"author":[{"embeddable":true,"href":"https:\/\/sultrade.cz\/en\/wp-json\/wp\/v2\/users\/1"}],"replies":[{"embeddable":true,"href":"https:\/\/sultrade.cz\/en\/wp-json\/wp\/v2\/comments?post=1336"}],"version-history":[{"count":7,"href":"https:\/\/sultrade.cz\/en\/wp-json\/wp\/v2\/pages\/1336\/revisions"}],"predecessor-version":[{"id":1974,"href":"https:\/\/sultrade.cz\/en\/wp-json\/wp\/v2\/pages\/1336\/revisions\/1974"}],"wp:attachment":[{"href":"https:\/\/sultrade.cz\/en\/wp-json\/wp\/v2\/media?parent=1336"}],"curies":[{"name":"wp","href":"https:\/\/api.w.org\/{rel}","templated":true}]}}